{"id":3989,"date":"2020-05-27T12:32:58","date_gmt":"2020-05-27T10:32:58","guid":{"rendered":"https:\/\/www.westerwaldvertalingen.nl\/kontakt\/"},"modified":"2024-06-21T12:16:03","modified_gmt":"2024-06-21T10:16:03","slug":"kontakt","status":"publish","type":"page","link":"https:\/\/www.westerwaldvertalingen.nl\/de\/kontakt\/","title":{"rendered":"Kontakt"},"content":{"rendered":"<section class=\"l-section wpb_row height_medium\"><div class=\"l-section-h i-cf\"><div class=\"g-cols vc_row via_flex valign_top type_default stacking_default\"><div class=\"vc_col-sm-12 wpb_column vc_column_container us_animate_afb\"><div class=\"vc_column-inner\"><div class=\"wpb_wrapper\"><div class=\"wpb_text_column\"><div class=\"wpb_wrapper\"><h1>Kontakt<\/h1>\n<\/div><\/div><div class=\"w-separator size_large\"><\/div><div class=\"g-cols wpb_row via_flex valign_top type_default stacking_default\"><div class=\"vc_col-sm-3 wpb_column vc_column_container\"><div class=\"vc_column-inner\"><div class=\"wpb_wrapper\"><div class=\"w-image style_shadow-2 align_center\"><div class=\"w-image-h\"><div class=\"w-image-shadow\" style=\"background-image:url(https:\/\/www.westerwaldvertalingen.nl\/wp-content\/uploads\/2020\/05\/westerwald-vertalingen-guus-reichgelt.jpg);\"><\/div><img decoding=\"async\" width=\"500\" height=\"500\" src=\"https:\/\/www.westerwaldvertalingen.nl\/wp-content\/uploads\/2020\/05\/westerwald-vertalingen-guus-reichgelt.jpg\" class=\"attachment-full size-full\" alt=\"Westerwald Vertalingen - Voor natuurlijke vertalingen Duits \u2013 Nederlands\" loading=\"lazy\" srcset=\"https:\/\/www.westerwaldvertalingen.nl\/wp-content\/uploads\/2020\/05\/westerwald-vertalingen-guus-reichgelt.jpg 500w, https:\/\/www.westerwaldvertalingen.nl\/wp-content\/uploads\/2020\/05\/westerwald-vertalingen-guus-reichgelt-300x300.jpg 300w, https:\/\/www.westerwaldvertalingen.nl\/wp-content\/uploads\/2020\/05\/westerwald-vertalingen-guus-reichgelt-150x150.jpg 150w\" sizes=\"auto, (max-width: 500px) 100vw, 500px\" \/><\/div><\/div><\/div><\/div><\/div><div class=\"vc_col-sm-3 wpb_column vc_column_container\"><div class=\"vc_column-inner\"><div class=\"wpb_wrapper\"><div class=\"wpb_text_column\"><div class=\"wpb_wrapper\"><p>Ich \u00fcbersetze f\u00fcr Sie aus dem Deutschen ins Niederl\u00e4ndische. Kontaktieren Sie mich noch heute f\u00fcr ein kostenloses Angebot. M\u00f6chten Sie Ihr Produkt auf dem niederl\u00e4ndischen Markt verkaufen? Eine Website, eine Brosch\u00fcre oder technische Dokumente m\u00fcssen ins verst\u00e4ndliche Niederl\u00e4ndisch \u00fcbersetzt werden? Ich helfe Ihnen gerne, diese Texte f\u00fcr Sie zu \u00fcbersetzen. Sie k\u00f6nnen mich auch f\u00fcr das Lektorat von Texten kontaktieren.<\/p>\n<p><strong>Guus Reichgelt<\/strong><br \/>\n<strong>Beeidigter \u00dcbersetzer<\/strong><\/p>\n<\/div><\/div><\/div><\/div><\/div><div class=\"vc_col-sm-6 wpb_column vc_column_container\"><div class=\"vc_column-inner\"><div class=\"wpb_wrapper\"><div class=\"wpb_text_column\"><div class=\"wpb_wrapper\"><h3><a href=\"mailto:info@westerwaldvertalingen.nl?Contact via de website\">info@westerwaldvertalingen.nl<\/a><\/h3>\n<\/div><\/div><\/div><\/div><\/div><\/div><\/div><\/div><\/div><\/div><\/div><\/section><section class=\"l-section wpb_row height_medium color_alternate\"><div class=\"l-section-h i-cf\"><div class=\"g-cols vc_row via_flex valign_middle type_default stacking_default\"><div class=\"vc_col-sm-3 wpb_column vc_column_container us_animate_afb\"><div class=\"vc_column-inner\"><div class=\"wpb_wrapper\"><div class=\"wpb_text_column\"><div class=\"wpb_wrapper\"><p>Folgen Sie mir auf Social Media:<\/p>\n<\/div><\/div><\/div><\/div><\/div><div class=\"vc_col-sm-3 wpb_column vc_column_container us_animate_afb\"><div class=\"vc_column-inner\"><div class=\"wpb_wrapper\"><\/div><\/div><\/div><div class=\"vc_col-sm-3 wpb_column vc_column_container us_animate_afb\" style=\"animation-delay:0.2s\"><div class=\"vc_column-inner\"><div class=\"wpb_wrapper\"><div class=\"wpb_text_column\"><div class=\"wpb_wrapper\"><h3><a href=\"https:\/\/www.linkedin.com\/in\/guusreichgelt\/\" target=\"_blank\" rel=\"noopener noreferrer\">LinkedIn<\/a><\/h3>\n<\/div><\/div><\/div><\/div><\/div><div class=\"vc_col-sm-3 wpb_column vc_column_container us_animate_afb\" style=\"animation-delay:0.4s\"><div class=\"vc_column-inner\"><div class=\"wpb_wrapper\"><div class=\"wpb_text_column\"><div class=\"wpb_wrapper\"><h3><a href=\"https:\/\/www.facebook.com\/westerwaldvertalingen\" target=\"_blank\" rel=\"noopener noreferrer\">Facebook<\/a><\/h3>\n<\/div><\/div><\/div><\/div><\/div><\/div><\/div><\/section><section class=\"l-section wpb_row height_medium\"><div class=\"l-section-h i-cf\"><div class=\"g-cols vc_row via_flex valign_top type_default stacking_default\"><div class=\"vc_col-sm-3 wpb_column vc_column_container us_animate_afb\"><div class=\"vc_column-inner\"><div class=\"wpb_wrapper\"><div class=\"wpb_text_column\"><div class=\"wpb_wrapper\"><p>M\u00f6chten Sie im Voraus wissen, ob ich einen Text f\u00fcr Sie \u00fcbersetzen kann? Oder haben Sie eine Frage zu Tarifen, Lieferzeiten oder \u00dcbersetzungen? Dann senden Sie eine Nachricht \u00fcber dieses Kontaktformular. Sie k\u00f6nnen mir sofort eine Datei zusenden, damit ich Ihnen ein unverbindliches Angebot unterbreiten kann.<\/p>\n<\/div><\/div><\/div><\/div><\/div><div class=\"vc_col-sm-3 wpb_column vc_column_container us_animate_afb\"><div class=\"vc_column-inner\"><div class=\"wpb_wrapper\"><\/div><\/div><\/div><div class=\"vc_col-sm-6 wpb_column vc_column_container us_animate_afb\" style=\"animation-delay:0.2s\"><div class=\"vc_column-inner\"><div class=\"wpb_wrapper\">\n<div class=\"wpcf7 no-js\" id=\"wpcf7-f10-o1\" lang=\"nl-NL\" dir=\"ltr\" data-wpcf7-id=\"10\">\n<div class=\"screen-reader-response\"><p role=\"status\" aria-live=\"polite\" aria-atomic=\"true\"><\/p> <ul><\/ul><\/div>\n<form action=\"\/de\/wp-json\/wp\/v2\/pages\/3989#wpcf7-f10-o1\" method=\"post\" class=\"wpcf7-form init\" aria-label=\"Contactformulier\" enctype=\"multipart\/form-data\" novalidate=\"novalidate\" data-status=\"init\">\n<fieldset class=\"hidden-fields-container\"><input type=\"hidden\" name=\"_wpcf7\" value=\"10\" \/><input type=\"hidden\" name=\"_wpcf7_version\" value=\"6.1.2\" \/><input type=\"hidden\" name=\"_wpcf7_locale\" value=\"nl_NL\" \/><input type=\"hidden\" name=\"_wpcf7_unit_tag\" value=\"wpcf7-f10-o1\" \/><input type=\"hidden\" name=\"_wpcf7_container_post\" value=\"0\" \/><input type=\"hidden\" name=\"_wpcf7_posted_data_hash\" value=\"\" \/><input type=\"hidden\" name=\"_wpcf7_recaptcha_response\" value=\"\" \/>\n<\/fieldset>\n<p><label> Uw naam (verplicht)<br \/>\n<span class=\"wpcf7-form-control-wrap\" data-name=\"your-name\"><input size=\"40\" maxlength=\"400\" class=\"wpcf7-form-control wpcf7-text wpcf7-validates-as-required\" aria-required=\"true\" aria-invalid=\"false\" value=\"\" type=\"text\" name=\"your-name\" \/><\/span> <\/label>\n<\/p>\n<p><label> Uw e-mailadres (verplicht)<br \/>\n<span class=\"wpcf7-form-control-wrap\" data-name=\"your-email\"><input size=\"40\" maxlength=\"400\" class=\"wpcf7-form-control wpcf7-email wpcf7-validates-as-required wpcf7-text wpcf7-validates-as-email\" aria-required=\"true\" aria-invalid=\"false\" value=\"\" type=\"email\" name=\"your-email\" \/><\/span> <\/label>\n<\/p>\n<p><label> Onderwerp<br \/>\n<span class=\"wpcf7-form-control-wrap\" data-name=\"your-subject\"><input size=\"40\" maxlength=\"400\" class=\"wpcf7-form-control wpcf7-text\" aria-invalid=\"false\" value=\"\" type=\"text\" name=\"your-subject\" \/><\/span> <\/label>\n<\/p>\n<p><label> Uw bericht<br \/>\n<span class=\"wpcf7-form-control-wrap\" data-name=\"your-message\"><textarea cols=\"40\" rows=\"10\" maxlength=\"2000\" class=\"wpcf7-form-control wpcf7-textarea\" aria-invalid=\"false\" name=\"your-message\"><\/textarea><\/span> <\/label>\n<\/p>\n<p><span class=\"wpcf7-form-control-wrap\" data-name=\"file-104\"><input size=\"40\" class=\"wpcf7-form-control wpcf7-file\" accept=\".doc,.docx,.xls,.xlsx,.pdf\" aria-invalid=\"false\" type=\"file\" name=\"file-104\" \/><\/span>\n<\/p>\n\n<p><input class=\"wpcf7-form-control wpcf7-submit has-spinner\" type=\"submit\" value=\"Verzenden\" \/>\n<\/p><div class=\"wpcf7-response-output\" aria-hidden=\"true\"><\/div>\n<\/form>\n<\/div>\n<\/div><\/div><\/div><\/div><\/div><\/section>\n","protected":false},"excerpt":{"rendered":"Kontakt Ich \u00fcbersetze f\u00fcr Sie aus dem Deutschen ins Niederl\u00e4ndische. Kontaktieren Sie mich noch heute f\u00fcr ein kostenloses Angebot. M\u00f6chten Sie Ihr Produkt auf dem niederl\u00e4ndischen Markt verkaufen? Eine Website, eine Brosch\u00fcre oder technische Dokumente m\u00fcssen ins verst\u00e4ndliche Niederl\u00e4ndisch \u00fcbersetzt werden? Ich helfe Ihnen gerne, diese Texte f\u00fcr Sie zu \u00fcbersetzen. Sie k\u00f6nnen mich auch...","protected":false},"author":2,"featured_media":0,"parent":0,"menu_order":0,"comment_status":"closed","ping_status":"closed","template":"","meta":{"_monsterinsights_skip_tracking":false,"_monsterinsights_sitenote_active":false,"_monsterinsights_sitenote_note":"","_monsterinsights_sitenote_category":0,"footnotes":""},"class_list":["post-3989","page","type-page","status-publish","hentry"],"yoast_head":"<!-- This site is optimized with the Yoast SEO plugin v26.1.1 - https:\/\/yoast.com\/wordpress\/plugins\/seo\/ -->\n<title>Kontakt - Voor natuurlijke vertalingen Duits-Nederlands - Westerwald Vertalingen<\/title>\n<meta name=\"description\" content=\"M\u00f6chten Sie im Voraus wissen, ob ich einen Text f\u00fcr Sie \u00fcbersetzen kann? Oder haben Sie eine Frage zu Tarifen, Lieferzeiten oder beglaubigten \u00dcbersetzungen?\" \/>\n<meta name=\"robots\" content=\"index, follow, max-snippet:-1, max-image-preview:large, max-video-preview:-1\" \/>\n<link rel=\"canonical\" href=\"https:\/\/www.westerwaldvertalingen.nl\/de\/kontakt\/\" \/>\n<meta property=\"og:locale\" content=\"de_DE\" \/>\n<meta property=\"og:type\" content=\"article\" \/>\n<meta property=\"og:title\" content=\"Kontakt - Voor natuurlijke vertalingen Duits-Nederlands - Westerwald Vertalingen\" \/>\n<meta property=\"og:description\" content=\"M\u00f6chten Sie im Voraus wissen, ob ich einen Text f\u00fcr Sie \u00fcbersetzen kann? Oder haben Sie eine Frage zu Tarifen, Lieferzeiten oder beglaubigten \u00dcbersetzungen?\" \/>\n<meta property=\"og:url\" content=\"https:\/\/www.westerwaldvertalingen.nl\/de\/kontakt\/\" \/>\n<meta property=\"og:site_name\" content=\"Voor natuurlijke vertalingen Duits-Nederlands - Westerwald Vertalingen\" \/>\n<meta property=\"article:modified_time\" content=\"2024-06-21T10:16:03+00:00\" \/>\n<meta property=\"og:image\" content=\"https:\/\/www.westerwaldvertalingen.nl\/wp-content\/uploads\/2020\/05\/westerwald-vertalingen-guus-reichgelt.jpg\" \/>\n\t<meta property=\"og:image:width\" content=\"500\" \/>\n\t<meta property=\"og:image:height\" content=\"500\" \/>\n\t<meta property=\"og:image:type\" content=\"image\/jpeg\" \/>\n<meta name=\"twitter:card\" content=\"summary_large_image\" \/>\n<meta name=\"twitter:label1\" content=\"Gesch\u00e4tzte Lesezeit\" \/>\n\t<meta name=\"twitter:data1\" content=\"2\u00a0Minuten\" \/>\n<script type=\"application\/ld+json\" class=\"yoast-schema-graph\">{\"@context\":\"https:\/\/schema.org\",\"@graph\":[{\"@type\":\"WebPage\",\"@id\":\"https:\/\/www.westerwaldvertalingen.nl\/de\/kontakt\/\",\"url\":\"https:\/\/www.westerwaldvertalingen.nl\/de\/kontakt\/\",\"name\":\"Kontakt - Voor natuurlijke vertalingen Duits-Nederlands - Westerwald Vertalingen\",\"isPartOf\":{\"@id\":\"https:\/\/www.westerwaldvertalingen.nl\/de\/#website\"},\"datePublished\":\"2020-05-27T10:32:58+00:00\",\"dateModified\":\"2024-06-21T10:16:03+00:00\",\"description\":\"M\u00f6chten Sie im Voraus wissen, ob ich einen Text f\u00fcr Sie \u00fcbersetzen kann? Oder haben Sie eine Frage zu Tarifen, Lieferzeiten oder beglaubigten \u00dcbersetzungen?\",\"breadcrumb\":{\"@id\":\"https:\/\/www.westerwaldvertalingen.nl\/de\/kontakt\/#breadcrumb\"},\"inLanguage\":\"de\",\"potentialAction\":[{\"@type\":\"ReadAction\",\"target\":[\"https:\/\/www.westerwaldvertalingen.nl\/de\/kontakt\/\"]}]},{\"@type\":\"BreadcrumbList\",\"@id\":\"https:\/\/www.westerwaldvertalingen.nl\/de\/kontakt\/#breadcrumb\",\"itemListElement\":[{\"@type\":\"ListItem\",\"position\":1,\"name\":\"Home\",\"item\":\"https:\/\/www.westerwaldvertalingen.nl\/de\/\"},{\"@type\":\"ListItem\",\"position\":2,\"name\":\"Kontakt\"}]},{\"@type\":\"WebSite\",\"@id\":\"https:\/\/www.westerwaldvertalingen.nl\/de\/#website\",\"url\":\"https:\/\/www.westerwaldvertalingen.nl\/de\/\",\"name\":\"Voor natuurlijke vertalingen Duits-Nederlands - Westerwald Vertalingen\",\"description\":\"\",\"potentialAction\":[{\"@type\":\"SearchAction\",\"target\":{\"@type\":\"EntryPoint\",\"urlTemplate\":\"https:\/\/www.westerwaldvertalingen.nl\/de\/?s={search_term_string}\"},\"query-input\":{\"@type\":\"PropertyValueSpecification\",\"valueRequired\":true,\"valueName\":\"search_term_string\"}}],\"inLanguage\":\"de\"}]}<\/script>\n<!-- \/ Yoast SEO plugin. -->","yoast_head_json":{"title":"Kontakt - Voor natuurlijke vertalingen Duits-Nederlands - Westerwald Vertalingen","description":"M\u00f6chten Sie im Voraus wissen, ob ich einen Text f\u00fcr Sie \u00fcbersetzen kann? Oder haben Sie eine Frage zu Tarifen, Lieferzeiten oder beglaubigten \u00dcbersetzungen?","robots":{"index":"index","follow":"follow","max-snippet":"max-snippet:-1","max-image-preview":"max-image-preview:large","max-video-preview":"max-video-preview:-1"},"canonical":"https:\/\/www.westerwaldvertalingen.nl\/de\/kontakt\/","og_locale":"de_DE","og_type":"article","og_title":"Kontakt - Voor natuurlijke vertalingen Duits-Nederlands - Westerwald Vertalingen","og_description":"M\u00f6chten Sie im Voraus wissen, ob ich einen Text f\u00fcr Sie \u00fcbersetzen kann? Oder haben Sie eine Frage zu Tarifen, Lieferzeiten oder beglaubigten \u00dcbersetzungen?","og_url":"https:\/\/www.westerwaldvertalingen.nl\/de\/kontakt\/","og_site_name":"Voor natuurlijke vertalingen Duits-Nederlands - Westerwald Vertalingen","article_modified_time":"2024-06-21T10:16:03+00:00","og_image":[{"width":500,"height":500,"url":"https:\/\/www.westerwaldvertalingen.nl\/wp-content\/uploads\/2020\/05\/westerwald-vertalingen-guus-reichgelt.jpg","type":"image\/jpeg"}],"twitter_card":"summary_large_image","twitter_misc":{"Gesch\u00e4tzte Lesezeit":"2\u00a0Minuten"},"schema":{"@context":"https:\/\/schema.org","@graph":[{"@type":"WebPage","@id":"https:\/\/www.westerwaldvertalingen.nl\/de\/kontakt\/","url":"https:\/\/www.westerwaldvertalingen.nl\/de\/kontakt\/","name":"Kontakt - Voor natuurlijke vertalingen Duits-Nederlands - Westerwald Vertalingen","isPartOf":{"@id":"https:\/\/www.westerwaldvertalingen.nl\/de\/#website"},"datePublished":"2020-05-27T10:32:58+00:00","dateModified":"2024-06-21T10:16:03+00:00","description":"M\u00f6chten Sie im Voraus wissen, ob ich einen Text f\u00fcr Sie \u00fcbersetzen kann? Oder haben Sie eine Frage zu Tarifen, Lieferzeiten oder beglaubigten \u00dcbersetzungen?","breadcrumb":{"@id":"https:\/\/www.westerwaldvertalingen.nl\/de\/kontakt\/#breadcrumb"},"inLanguage":"de","potentialAction":[{"@type":"ReadAction","target":["https:\/\/www.westerwaldvertalingen.nl\/de\/kontakt\/"]}]},{"@type":"BreadcrumbList","@id":"https:\/\/www.westerwaldvertalingen.nl\/de\/kontakt\/#breadcrumb","itemListElement":[{"@type":"ListItem","position":1,"name":"Home","item":"https:\/\/www.westerwaldvertalingen.nl\/de\/"},{"@type":"ListItem","position":2,"name":"Kontakt"}]},{"@type":"WebSite","@id":"https:\/\/www.westerwaldvertalingen.nl\/de\/#website","url":"https:\/\/www.westerwaldvertalingen.nl\/de\/","name":"Voor natuurlijke vertalingen Duits-Nederlands - Westerwald Vertalingen","description":"","potentialAction":[{"@type":"SearchAction","target":{"@type":"EntryPoint","urlTemplate":"https:\/\/www.westerwaldvertalingen.nl\/de\/?s={search_term_string}"},"query-input":{"@type":"PropertyValueSpecification","valueRequired":true,"valueName":"search_term_string"}}],"inLanguage":"de"}]}},"_links":{"self":[{"href":"https:\/\/www.westerwaldvertalingen.nl\/de\/wp-json\/wp\/v2\/pages\/3989","targetHints":{"allow":["GET"]}}],"collection":[{"href":"https:\/\/www.westerwaldvertalingen.nl\/de\/wp-json\/wp\/v2\/pages"}],"about":[{"href":"https:\/\/www.westerwaldvertalingen.nl\/de\/wp-json\/wp\/v2\/types\/page"}],"author":[{"embeddable":true,"href":"https:\/\/www.westerwaldvertalingen.nl\/de\/wp-json\/wp\/v2\/users\/2"}],"replies":[{"embeddable":true,"href":"https:\/\/www.westerwaldvertalingen.nl\/de\/wp-json\/wp\/v2\/comments?post=3989"}],"version-history":[{"count":3,"href":"https:\/\/www.westerwaldvertalingen.nl\/de\/wp-json\/wp\/v2\/pages\/3989\/revisions"}],"predecessor-version":[{"id":4122,"href":"https:\/\/www.westerwaldvertalingen.nl\/de\/wp-json\/wp\/v2\/pages\/3989\/revisions\/4122"}],"wp:attachment":[{"href":"https:\/\/www.westerwaldvertalingen.nl\/de\/wp-json\/wp\/v2\/media?parent=3989"}],"curies":[{"name":"wp","href":"https:\/\/api.w.org\/{rel}","templated":true}]}}