{"id":3961,"date":"2020-05-26T17:15:36","date_gmt":"2020-05-26T15:15:36","guid":{"rendered":"https:\/\/www.westerwaldvertalingen.nl\/portfolio\/"},"modified":"2020-06-09T17:40:23","modified_gmt":"2020-06-09T15:40:23","slug":"portfolio","status":"publish","type":"page","link":"https:\/\/www.westerwaldvertalingen.nl\/de\/portfolio\/","title":{"rendered":"Portfolio"},"content":{"rendered":"<section class=\"l-section wpb_row height_medium\"><div class=\"l-section-h i-cf\"><div class=\"g-cols vc_row via_flex valign_top type_default stacking_default\"><div class=\"vc_col-sm-4 wpb_column vc_column_container us_animate_afb\"><div class=\"vc_column-inner\"><div class=\"wpb_wrapper\"><div class=\"wpb_text_column\"><div class=\"wpb_wrapper\"><h1>Mein Portfolio<\/h1>\n<p>Ein \u00dcberblick \u00fcber die Projekte, die ich in der Vergangenheit ausgef\u00fchrt habe:<\/p>\n<\/div><\/div><\/div><\/div><\/div><div class=\"vc_col-sm-8 wpb_column vc_column_container\"><div class=\"vc_column-inner\"><div class=\"wpb_wrapper\"><\/div><\/div><\/div><\/div><\/div><\/section><section class=\"l-section wpb_row height_auto width_full\"><div class=\"l-section-h i-cf\"><div class=\"g-cols vc_row via_flex valign_top type_default stacking_default\"><div class=\"vc_col-sm-12 wpb_column vc_column_container us_animate_afb\" style=\"animation-delay:0.5s\"><div class=\"vc_column-inner\"><div class=\"wpb_wrapper\"><div class=\"w-grid us_custom_9509976e type_grid layout_portfolio_2 cols_3 pagination_infinite ratio_1x1\" id=\"us_grid_1\" style=\"--columns:3;--gap:0.75rem;--item-ratio:1;\" data-filterable=\"true\"><style>@media (max-width:1024px){#us_grid_1{--columns:2!important}}@media (max-width:600px){#us_grid_1{--columns:1!important}}@media (min-width:1024px){#us_grid_1 .w-post-elm.post_title{font-size:2rem!important}}.layout_portfolio_2 .w-grid-item-h{background:#333}.layout_portfolio_2 .usg_post_image_1{transition-duration:0.35s;transform-origin:50% 50%;transform:scale(1) translate(0%,0%)}.layout_portfolio_2 .w-grid-item-h:focus-within .usg_post_image_1,.layout_portfolio_2 .w-grid-item-h:hover .usg_post_image_1{transform:scale(1.1) translate(0%,0%);opacity:0.1}.layout_portfolio_2 .usg_post_image_1{position:absolute!important;top:0!important;right:0!important;bottom:0!important;left:0!important}.layout_portfolio_2 .usg_vwrapper_1{position:absolute!important;right:0!important;bottom:0!important;left:0!important;background:linear-gradient(transparent,rgba(30,30,30,0.8))!important;padding:4rem 2rem 1.5rem 2rem!important}.layout_portfolio_2 .usg_post_title_1{color:#fff!important;font-size:1.2rem!important}.layout_portfolio_2 .usg_post_taxonomy_1{color:#fff!important;font-size:0.9rem!important}<\/style><div class=\"w-grid-list\">\t<article class=\"w-grid-item size_1x1 post-3986 us_portfolio type-us_portfolio status-publish has-post-thumbnail hentry\" data-id=\"3986\">\r\n\t\t<div class=\"w-grid-item-h\">\r\n\t\t\t\t\t\t\t<a href=\"https:\/\/www.westerwaldvertalingen.nl\/de\/portfolio\/zeitschriftartikel-gefluegelstaelle\/\" class=\"w-grid-item-anchor\" aria-label=\"Zeitschriftartikel Gefl\u00fcgelst\u00e4lle\"><\/a>\r\n\t\t\t\t\t\t<div class=\"w-post-elm post_image usg_post_image_1 stretched\"><img loading=\"lazy\" decoding=\"async\" width=\"1024\" height=\"683\" src=\"https:\/\/www.westerwaldvertalingen.nl\/wp-content\/uploads\/2019\/09\/westerwald-vertalingen-portfolio-pluimveehuisvesting-1024x683.jpg\" class=\"attachment-large size-large wp-post-image\" alt=\"Westerwald Vertalingen - Voor natuurlijke vertalingen Duits \u2013 Nederlands\" srcset=\"https:\/\/www.westerwaldvertalingen.nl\/wp-content\/uploads\/2019\/09\/westerwald-vertalingen-portfolio-pluimveehuisvesting-1024x683.jpg 1024w, https:\/\/www.westerwaldvertalingen.nl\/wp-content\/uploads\/2019\/09\/westerwald-vertalingen-portfolio-pluimveehuisvesting-300x200.jpg 300w, https:\/\/www.westerwaldvertalingen.nl\/wp-content\/uploads\/2019\/09\/westerwald-vertalingen-portfolio-pluimveehuisvesting-1536x1024.jpg 1536w, https:\/\/www.westerwaldvertalingen.nl\/wp-content\/uploads\/2019\/09\/westerwald-vertalingen-portfolio-pluimveehuisvesting.jpg 1920w\" sizes=\"auto, (max-width: 1024px) 100vw, 1024px\" \/><\/div><div class=\"w-vwrapper usg_vwrapper_1 align_none valign_top\"><h2 class=\"w-post-elm post_title usg_post_title_1 has_text_color entry-title color_link_inherit\">Zeitschriftartikel Gefl\u00fcgelst\u00e4lle<\/h2><\/div>\t\t<\/div>\r\n\t\t\t<\/article>\r\n\t<article class=\"w-grid-item size_1x1 post-3984 us_portfolio type-us_portfolio status-publish has-post-thumbnail hentry\" data-id=\"3984\">\r\n\t\t<div class=\"w-grid-item-h\">\r\n\t\t\t\t\t\t\t<a href=\"https:\/\/www.westerwaldvertalingen.nl\/de\/portfolio\/produktkatalog-fuer-landbaumaschinen\/\" class=\"w-grid-item-anchor\" aria-label=\"Produktkatalog f\u00fcr Landbaumaschinen\"><\/a>\r\n\t\t\t\t\t\t<div class=\"w-post-elm post_image usg_post_image_1 stretched\"><img loading=\"lazy\" decoding=\"async\" width=\"1024\" height=\"683\" src=\"https:\/\/www.westerwaldvertalingen.nl\/wp-content\/uploads\/2019\/09\/westerwald-vertalingen-portfolio-landbouwmachines-1024x683.jpg\" class=\"attachment-large size-large wp-post-image\" alt=\"Westerwald Vertalingen - Voor natuurlijke vertalingen Duits \u2013 Nederlands\" srcset=\"https:\/\/www.westerwaldvertalingen.nl\/wp-content\/uploads\/2019\/09\/westerwald-vertalingen-portfolio-landbouwmachines-1024x683.jpg 1024w, https:\/\/www.westerwaldvertalingen.nl\/wp-content\/uploads\/2019\/09\/westerwald-vertalingen-portfolio-landbouwmachines-300x200.jpg 300w, https:\/\/www.westerwaldvertalingen.nl\/wp-content\/uploads\/2019\/09\/westerwald-vertalingen-portfolio-landbouwmachines-1536x1024.jpg 1536w, https:\/\/www.westerwaldvertalingen.nl\/wp-content\/uploads\/2019\/09\/westerwald-vertalingen-portfolio-landbouwmachines.jpg 1920w\" sizes=\"auto, (max-width: 1024px) 100vw, 1024px\" \/><\/div><div class=\"w-vwrapper usg_vwrapper_1 align_none valign_top\"><h2 class=\"w-post-elm post_title usg_post_title_1 has_text_color entry-title color_link_inherit\">Produktkatalog f\u00fcr Landbaumaschinen<\/h2><\/div>\t\t<\/div>\r\n\t\t\t<\/article>\r\n\t<article class=\"w-grid-item size_1x1 post-3982 us_portfolio type-us_portfolio status-publish has-post-thumbnail hentry\" data-id=\"3982\">\r\n\t\t<div class=\"w-grid-item-h\">\r\n\t\t\t\t\t\t\t<a href=\"https:\/\/www.westerwaldvertalingen.nl\/de\/portfolio\/bestaetigte-uebersetzung-privat\/\" class=\"w-grid-item-anchor\" aria-label=\"Beglaubigte \u00dcbersetzung\"><\/a>\r\n\t\t\t\t\t\t<div class=\"w-post-elm post_image usg_post_image_1 stretched\"><img loading=\"lazy\" decoding=\"async\" width=\"640\" height=\"427\" src=\"https:\/\/www.westerwaldvertalingen.nl\/wp-content\/uploads\/2020\/05\/westerwald-vertalingen-producten-beedigde-vertalingen.jpg\" class=\"attachment-large size-large wp-post-image\" alt=\"Westerwald Vertalingen - Voor natuurlijke vertalingen Duits \u2013 Nederlands\" srcset=\"https:\/\/www.westerwaldvertalingen.nl\/wp-content\/uploads\/2020\/05\/westerwald-vertalingen-producten-beedigde-vertalingen.jpg 640w, https:\/\/www.westerwaldvertalingen.nl\/wp-content\/uploads\/2020\/05\/westerwald-vertalingen-producten-beedigde-vertalingen-300x200.jpg 300w\" sizes=\"auto, (max-width: 640px) 100vw, 640px\" \/><\/div><div class=\"w-vwrapper usg_vwrapper_1 align_none valign_top\"><h2 class=\"w-post-elm post_title usg_post_title_1 has_text_color entry-title color_link_inherit\">Beglaubigte \u00dcbersetzung<\/h2><\/div>\t\t<\/div>\r\n\t\t\t<\/article>\r\n\t<article class=\"w-grid-item size_1x1 post-3980 us_portfolio type-us_portfolio status-publish has-post-thumbnail hentry\" data-id=\"3980\">\r\n\t\t<div class=\"w-grid-item-h\">\r\n\t\t\t\t\t\t\t<a href=\"https:\/\/www.westerwaldvertalingen.nl\/de\/portfolio\/ausschreibungstext-verkehrsfuehrungssystem\/\" class=\"w-grid-item-anchor\" aria-label=\"Ausschreibungstext Verkehrsf\u00fchrungssystem\"><\/a>\r\n\t\t\t\t\t\t<div class=\"w-post-elm post_image usg_post_image_1 stretched\"><img loading=\"lazy\" decoding=\"async\" width=\"1024\" height=\"662\" src=\"https:\/\/www.westerwaldvertalingen.nl\/wp-content\/uploads\/2019\/09\/westerwald-vertalingen-portfolio-verkeersgeleidingssysteem-1024x662.jpg\" class=\"attachment-large size-large wp-post-image\" alt=\"Westerwald Vertalingen - Voor natuurlijke vertalingen Duits \u2013 Nederlands\" srcset=\"https:\/\/www.westerwaldvertalingen.nl\/wp-content\/uploads\/2019\/09\/westerwald-vertalingen-portfolio-verkeersgeleidingssysteem-1024x662.jpg 1024w, https:\/\/www.westerwaldvertalingen.nl\/wp-content\/uploads\/2019\/09\/westerwald-vertalingen-portfolio-verkeersgeleidingssysteem-300x194.jpg 300w, https:\/\/www.westerwaldvertalingen.nl\/wp-content\/uploads\/2019\/09\/westerwald-vertalingen-portfolio-verkeersgeleidingssysteem-1536x992.jpg 1536w\" sizes=\"auto, (max-width: 1024px) 100vw, 1024px\" \/><\/div><div class=\"w-vwrapper usg_vwrapper_1 align_none valign_top\"><h2 class=\"w-post-elm post_title usg_post_title_1 has_text_color entry-title color_link_inherit\">Ausschreibungstext Verkehrsf\u00fchrungssystem<\/h2><\/div>\t\t<\/div>\r\n\t\t\t<\/article>\r\n\t<article class=\"w-grid-item size_1x1 post-3978 us_portfolio type-us_portfolio status-publish has-post-thumbnail hentry\" data-id=\"3978\">\r\n\t\t<div class=\"w-grid-item-h\">\r\n\t\t\t\t\t\t\t<a href=\"https:\/\/www.westerwaldvertalingen.nl\/de\/portfolio\/rahmen-rollladen-terrasueberdachungen\/\" class=\"w-grid-item-anchor\" aria-label=\"Rahmen, Rollladen und Terras\u00fcberdachungen\"><\/a>\r\n\t\t\t\t\t\t<div class=\"w-post-elm post_image usg_post_image_1 stretched\"><img loading=\"lazy\" decoding=\"async\" width=\"640\" height=\"529\" src=\"https:\/\/www.westerwaldvertalingen.nl\/wp-content\/uploads\/2019\/09\/westerwald-vertalingen-portfolio-kozijnen.jpg\" class=\"attachment-large size-large wp-post-image\" alt=\"Westerwald Vertalingen - Voor natuurlijke vertalingen Duits \u2013 Nederlands\" srcset=\"https:\/\/www.westerwaldvertalingen.nl\/wp-content\/uploads\/2019\/09\/westerwald-vertalingen-portfolio-kozijnen.jpg 640w, https:\/\/www.westerwaldvertalingen.nl\/wp-content\/uploads\/2019\/09\/westerwald-vertalingen-portfolio-kozijnen-300x248.jpg 300w\" sizes=\"auto, (max-width: 640px) 100vw, 640px\" \/><\/div><div class=\"w-vwrapper usg_vwrapper_1 align_none valign_top\"><h2 class=\"w-post-elm post_title usg_post_title_1 has_text_color entry-title color_link_inherit\">Rahmen, Rollladen und Terras\u00fcberdachungen<\/h2><\/div>\t\t<\/div>\r\n\t\t\t<\/article>\r\n\t<article class=\"w-grid-item size_1x1 post-3972 us_portfolio type-us_portfolio status-publish has-post-thumbnail hentry\" data-id=\"3972\">\r\n\t\t<div class=\"w-grid-item-h\">\r\n\t\t\t\t\t\t\t<a href=\"https:\/\/www.westerwaldvertalingen.nl\/de\/portfolio\/ausschreibungstexte-infrastrukturprojekt\/\" class=\"w-grid-item-anchor\" aria-label=\"Ausschreibungstexte Infrastrukturprojekt\"><\/a>\r\n\t\t\t\t\t\t<div class=\"w-post-elm post_image usg_post_image_1 stretched\"><img loading=\"lazy\" decoding=\"async\" width=\"923\" height=\"519\" src=\"https:\/\/www.westerwaldvertalingen.nl\/wp-content\/uploads\/2019\/09\/94060260_s.jpg\" class=\"attachment-large size-large wp-post-image\" alt=\"Westerwald Vertalingen - Voor natuurlijke vertalingen Duits \u2013 Nederlands\" srcset=\"https:\/\/www.westerwaldvertalingen.nl\/wp-content\/uploads\/2019\/09\/94060260_s.jpg 923w, https:\/\/www.westerwaldvertalingen.nl\/wp-content\/uploads\/2019\/09\/94060260_s-300x169.jpg 300w\" sizes=\"auto, (max-width: 923px) 100vw, 923px\" \/><\/div><div class=\"w-vwrapper usg_vwrapper_1 align_none valign_top\"><h2 class=\"w-post-elm post_title usg_post_title_1 has_text_color entry-title color_link_inherit\">Ausschreibungstexte Infrastrukturprojekt<\/h2><\/div>\t\t<\/div>\r\n\t\t\t<\/article>\r\n\t<article class=\"w-grid-item size_1x1 post-3965 us_portfolio type-us_portfolio status-publish has-post-thumbnail hentry\" data-id=\"3965\">\r\n\t\t<div class=\"w-grid-item-h\">\r\n\t\t\t\t\t\t\t<a href=\"https:\/\/www.westerwaldvertalingen.nl\/de\/portfolio\/webseite-eines-grossen-it-unternehmens\/\" class=\"w-grid-item-anchor\" aria-label=\"Webseite eines gro\u00dfen IT-Unternehmens\"><\/a>\r\n\t\t\t\t\t\t<div class=\"w-post-elm post_image usg_post_image_1 stretched\"><img loading=\"lazy\" decoding=\"async\" width=\"640\" height=\"480\" src=\"https:\/\/www.westerwaldvertalingen.nl\/wp-content\/uploads\/2019\/09\/westerwald-vertalingen-portfolio-automatiseerder.jpg\" class=\"attachment-large size-large wp-post-image\" alt=\"Westerwald Vertalingen - Voor natuurlijke vertalingen Duits \u2013 Nederlands\" srcset=\"https:\/\/www.westerwaldvertalingen.nl\/wp-content\/uploads\/2019\/09\/westerwald-vertalingen-portfolio-automatiseerder.jpg 640w, https:\/\/www.westerwaldvertalingen.nl\/wp-content\/uploads\/2019\/09\/westerwald-vertalingen-portfolio-automatiseerder-300x225.jpg 300w\" sizes=\"auto, (max-width: 640px) 100vw, 640px\" \/><\/div><div class=\"w-vwrapper usg_vwrapper_1 align_none valign_top\"><h2 class=\"w-post-elm post_title usg_post_title_1 has_text_color entry-title color_link_inherit\">Webseite eines gro\u00dfen IT-Unternehmens<\/h2><\/div>\t\t<\/div>\r\n\t\t\t<\/article>\r\n\t<article class=\"w-grid-item size_1x1 post-3963 us_portfolio type-us_portfolio status-publish has-post-thumbnail hentry\" data-id=\"3963\">\r\n\t\t<div class=\"w-grid-item-h\">\r\n\t\t\t\t\t\t\t<a href=\"https:\/\/www.westerwaldvertalingen.nl\/de\/portfolio\/webseite-eines-kaffeeproduzenten\/\" class=\"w-grid-item-anchor\" aria-label=\"Webseite eines Kaffeeproduzenten\"><\/a>\r\n\t\t\t\t\t\t<div class=\"w-post-elm post_image usg_post_image_1 stretched\"><img loading=\"lazy\" decoding=\"async\" width=\"640\" height=\"426\" src=\"https:\/\/www.westerwaldvertalingen.nl\/wp-content\/uploads\/2019\/09\/westerwald-vertalingen-portfolio-koffieproducent.jpg\" class=\"attachment-large size-large wp-post-image\" alt=\"Westerwald Vertalingen - Voor natuurlijke vertalingen Duits \u2013 Nederlands\" srcset=\"https:\/\/www.westerwaldvertalingen.nl\/wp-content\/uploads\/2019\/09\/westerwald-vertalingen-portfolio-koffieproducent.jpg 640w, https:\/\/www.westerwaldvertalingen.nl\/wp-content\/uploads\/2019\/09\/westerwald-vertalingen-portfolio-koffieproducent-300x200.jpg 300w\" sizes=\"auto, (max-width: 640px) 100vw, 640px\" \/><\/div><div class=\"w-vwrapper usg_vwrapper_1 align_none valign_top\"><h2 class=\"w-post-elm post_title usg_post_title_1 has_text_color entry-title color_link_inherit\">Webseite eines Kaffeeproduzenten<\/h2><\/div>\t\t<\/div>\r\n\t\t\t<\/article>\r\n<\/div><div class=\"w-grid-preloader\">\t<div class=\"g-preloader type_1\">\r\n\t\t<div><\/div>\r\n\t<\/div>\r\n\t<\/div>\t<div class=\"w-grid-json hidden\" onclick='return {&quot;action&quot;:&quot;us_ajax_grid&quot;,&quot;infinite_scroll&quot;:0,&quot;max_num_pages&quot;:1,&quot;pagination&quot;:&quot;infinite&quot;,&quot;template_vars&quot;:{&quot;columns&quot;:&quot;3&quot;,&quot;exclude_items&quot;:&quot;none&quot;,&quot;img_size&quot;:&quot;default&quot;,&quot;ignore_items_size&quot;:0,&quot;items_layout&quot;:&quot;portfolio_2&quot;,&quot;items_offset&quot;:&quot;1&quot;,&quot;load_animation&quot;:&quot;none&quot;,&quot;overriding_link&quot;:&quot;%7B%22type%22%3A%22post%22%7D&quot;,&quot;post_id&quot;:0,&quot;query_args&quot;:{&quot;post_type&quot;:[&quot;us_portfolio&quot;],&quot;post_status&quot;:[&quot;publish&quot;],&quot;posts_per_page&quot;:&quot;9&quot;},&quot;orderby_query_args&quot;:{&quot;orderby&quot;:{&quot;date&quot;:&quot;DESC&quot;}},&quot;type&quot;:&quot;grid&quot;,&quot;us_grid_post_type&quot;:&quot;us_portfolio&quot;,&quot;us_grid_ajax_index&quot;:1,&quot;us_grid_filter_query_string&quot;:null,&quot;us_grid_index&quot;:1,&quot;page_args&quot;:[],&quot;lang&quot;:&quot;de&quot;}}'><\/div>\r\n\t<\/div><\/div><\/div><\/div><\/div><\/div><\/section><section class=\"l-section wpb_row height_auto width_full\"><div class=\"l-section-h i-cf\"><div class=\"g-cols vc_row via_flex valign_top type_default stacking_default\"><div class=\"vc_col-sm-12 wpb_column vc_column_container us_animate_afb\"><div class=\"vc_column-inner\"><div class=\"wpb_wrapper\"><section class=\"l-section wpb_row height_medium\"><div class=\"l-section-h i-cf\"><div class=\"g-cols vc_row via_flex valign_top type_default stacking_default\"><div class=\"vc_col-sm-12 wpb_column vc_column_container us_animate_afb\"><div class=\"vc_column-inner\"><div class=\"wpb_wrapper\"><div class=\"wpb_text_column\"><div class=\"wpb_wrapper\"><h2>Fordere ein unverbindliches Angebot an<\/h2>\n<\/div><\/div><\/div><\/div><\/div><\/div><\/div><\/section><section class=\"l-section wpb_row height_medium color_alternate\"><div class=\"l-section-h i-cf\"><div class=\"g-cols vc_row via_flex valign_top type_default stacking_default\"><div class=\"vc_col-sm-6 wpb_column vc_column_container us_animate_fade\"><div class=\"vc_column-inner\"><div class=\"wpb_wrapper\"><div class=\"wpb_text_column\"><div class=\"wpb_wrapper\"><h3><span style=\"font-size: 20px;\"><a href=\"mailto:info@westerwaldvertalingen.nl?subject=Kontakt\">info@westerwaldvertalingen.nl<\/a><\/span><\/h3>\n<\/div><\/div><\/div><\/div><\/div><div class=\"vc_col-sm-4 wpb_column vc_column_container us_animate_afb\" style=\"animation-delay:0.25s\"><div class=\"vc_column-inner\"><div class=\"wpb_wrapper\"><div class=\"wpb_text_column\"><div class=\"wpb_wrapper\"><p>Haben Sie ein Dokument, das Sie aus dem Deutschen ins Niederl\u00e4ndische \u00fcbersetzen m\u00f6chten? Oder eine andere Frage? Ich w\u00fcrde mich freuen, Ihnen bei Ihrer professionellen \u00dcbersetzung behilflich zu sein. Sie k\u00f6nnen mir eine <a href=\"mailto:info@westerwaldvertalingen.nl?subject=Kontakt\">E-Mail<\/a> senden oder das <a href=\"https:\/\/www.westerwaldvertalingen.nl\/de\/kontakt\/\">Kontaktformular<\/a> benutzen.<\/p>\n<\/div><\/div><\/div><\/div><\/div><\/div><\/div><\/section>\n<\/div><\/div><\/div><\/div><\/div><\/section>\n","protected":false},"excerpt":{"rendered":"Dienstleistung \u00dcbersetzung Sprachkombination Deutsch-Niederl\u00e4ndisch Stichw\u00f6rter Kaffee, Kaffeeproduzent, \u00dcbersetzung Website Kaffeeproduzent f\u00fcr den niederl\u00e4ndischen Markt \u00fcbersetzen Der deutsche Kaffeeproduzent wollte seine (umfangreiche) Webseite f\u00fcr den niederl\u00e4ndischen Markt \u00fcbersetzen. Dabei gab es nicht nur sehr viele unterschiedliche Produktbeschreibungen, sondern diese Produkte wurden auch an viel unterschiedlichen M\u00e4rkten abgesetzt: Sowohl am Kunden im Gesch\u00e4ft als auch in der...","protected":false},"author":2,"featured_media":0,"parent":0,"menu_order":0,"comment_status":"closed","ping_status":"closed","template":"","meta":{"_monsterinsights_skip_tracking":false,"_monsterinsights_sitenote_active":false,"_monsterinsights_sitenote_note":"","_monsterinsights_sitenote_category":0,"footnotes":""},"class_list":["post-3961","page","type-page","status-publish","hentry"],"yoast_head":"<!-- This site is optimized with the Yoast SEO plugin v26.1.1 - https:\/\/yoast.com\/wordpress\/plugins\/seo\/ -->\n<title>Portfolio - Voor natuurlijke vertalingen Duits-Nederlands - Westerwald Vertalingen<\/title>\n<meta name=\"description\" content=\"Ein \u00dcberblick \u00fcber die Projekte, die ich in der Vergangenheit ausgef\u00fchrt habe. Kontaktieren Sie mich noch heute f\u00fcr ein unverbindliches Angebot\" \/>\n<meta name=\"robots\" content=\"index, follow, max-snippet:-1, max-image-preview:large, max-video-preview:-1\" \/>\n<link rel=\"canonical\" href=\"https:\/\/www.westerwaldvertalingen.nl\/de\/portfolio\/\" \/>\n<meta property=\"og:locale\" content=\"de_DE\" \/>\n<meta property=\"og:type\" content=\"article\" \/>\n<meta property=\"og:title\" content=\"Portfolio - Voor natuurlijke vertalingen Duits-Nederlands - Westerwald Vertalingen\" \/>\n<meta property=\"og:description\" content=\"Ein \u00dcberblick \u00fcber die Projekte, die ich in der Vergangenheit ausgef\u00fchrt habe. Kontaktieren Sie mich noch heute f\u00fcr ein unverbindliches Angebot\" \/>\n<meta property=\"og:url\" content=\"https:\/\/www.westerwaldvertalingen.nl\/de\/portfolio\/\" \/>\n<meta property=\"og:site_name\" content=\"Voor natuurlijke vertalingen Duits-Nederlands - Westerwald Vertalingen\" \/>\n<meta property=\"article:modified_time\" content=\"2020-06-09T15:40:23+00:00\" \/>\n<meta property=\"og:image\" content=\"https:\/\/www.westerwaldvertalingen.nl\/wp-content\/uploads\/2020\/05\/westerwald-vertalingen-guus-reichgelt.jpg\" \/>\n\t<meta property=\"og:image:width\" content=\"500\" \/>\n\t<meta property=\"og:image:height\" content=\"500\" \/>\n\t<meta property=\"og:image:type\" content=\"image\/jpeg\" \/>\n<meta name=\"twitter:card\" content=\"summary_large_image\" \/>\n<meta name=\"twitter:label1\" content=\"Gesch\u00e4tzte Lesezeit\" \/>\n\t<meta name=\"twitter:data1\" content=\"1\u00a0Minute\" \/>\n<script type=\"application\/ld+json\" class=\"yoast-schema-graph\">{\"@context\":\"https:\/\/schema.org\",\"@graph\":[{\"@type\":\"WebPage\",\"@id\":\"https:\/\/www.westerwaldvertalingen.nl\/de\/portfolio\/\",\"url\":\"https:\/\/www.westerwaldvertalingen.nl\/de\/portfolio\/\",\"name\":\"Portfolio - Voor natuurlijke vertalingen Duits-Nederlands - Westerwald Vertalingen\",\"isPartOf\":{\"@id\":\"https:\/\/www.westerwaldvertalingen.nl\/de\/#website\"},\"datePublished\":\"2020-05-26T15:15:36+00:00\",\"dateModified\":\"2020-06-09T15:40:23+00:00\",\"description\":\"Ein \u00dcberblick \u00fcber die Projekte, die ich in der Vergangenheit ausgef\u00fchrt habe. Kontaktieren Sie mich noch heute f\u00fcr ein unverbindliches Angebot\",\"breadcrumb\":{\"@id\":\"https:\/\/www.westerwaldvertalingen.nl\/de\/portfolio\/#breadcrumb\"},\"inLanguage\":\"de\",\"potentialAction\":[{\"@type\":\"ReadAction\",\"target\":[\"https:\/\/www.westerwaldvertalingen.nl\/de\/portfolio\/\"]}]},{\"@type\":\"BreadcrumbList\",\"@id\":\"https:\/\/www.westerwaldvertalingen.nl\/de\/portfolio\/#breadcrumb\",\"itemListElement\":[{\"@type\":\"ListItem\",\"position\":1,\"name\":\"Home\",\"item\":\"https:\/\/www.westerwaldvertalingen.nl\/de\/\"},{\"@type\":\"ListItem\",\"position\":2,\"name\":\"Portfolio\"}]},{\"@type\":\"WebSite\",\"@id\":\"https:\/\/www.westerwaldvertalingen.nl\/de\/#website\",\"url\":\"https:\/\/www.westerwaldvertalingen.nl\/de\/\",\"name\":\"Voor natuurlijke vertalingen Duits-Nederlands - Westerwald Vertalingen\",\"description\":\"\",\"potentialAction\":[{\"@type\":\"SearchAction\",\"target\":{\"@type\":\"EntryPoint\",\"urlTemplate\":\"https:\/\/www.westerwaldvertalingen.nl\/de\/?s={search_term_string}\"},\"query-input\":{\"@type\":\"PropertyValueSpecification\",\"valueRequired\":true,\"valueName\":\"search_term_string\"}}],\"inLanguage\":\"de\"}]}<\/script>\n<!-- \/ Yoast SEO plugin. -->","yoast_head_json":{"title":"Portfolio - Voor natuurlijke vertalingen Duits-Nederlands - Westerwald Vertalingen","description":"Ein \u00dcberblick \u00fcber die Projekte, die ich in der Vergangenheit ausgef\u00fchrt habe. Kontaktieren Sie mich noch heute f\u00fcr ein unverbindliches Angebot","robots":{"index":"index","follow":"follow","max-snippet":"max-snippet:-1","max-image-preview":"max-image-preview:large","max-video-preview":"max-video-preview:-1"},"canonical":"https:\/\/www.westerwaldvertalingen.nl\/de\/portfolio\/","og_locale":"de_DE","og_type":"article","og_title":"Portfolio - Voor natuurlijke vertalingen Duits-Nederlands - Westerwald Vertalingen","og_description":"Ein \u00dcberblick \u00fcber die Projekte, die ich in der Vergangenheit ausgef\u00fchrt habe. Kontaktieren Sie mich noch heute f\u00fcr ein unverbindliches Angebot","og_url":"https:\/\/www.westerwaldvertalingen.nl\/de\/portfolio\/","og_site_name":"Voor natuurlijke vertalingen Duits-Nederlands - Westerwald Vertalingen","article_modified_time":"2020-06-09T15:40:23+00:00","og_image":[{"width":500,"height":500,"url":"https:\/\/www.westerwaldvertalingen.nl\/wp-content\/uploads\/2020\/05\/westerwald-vertalingen-guus-reichgelt.jpg","type":"image\/jpeg"}],"twitter_card":"summary_large_image","twitter_misc":{"Gesch\u00e4tzte Lesezeit":"1\u00a0Minute"},"schema":{"@context":"https:\/\/schema.org","@graph":[{"@type":"WebPage","@id":"https:\/\/www.westerwaldvertalingen.nl\/de\/portfolio\/","url":"https:\/\/www.westerwaldvertalingen.nl\/de\/portfolio\/","name":"Portfolio - Voor natuurlijke vertalingen Duits-Nederlands - Westerwald Vertalingen","isPartOf":{"@id":"https:\/\/www.westerwaldvertalingen.nl\/de\/#website"},"datePublished":"2020-05-26T15:15:36+00:00","dateModified":"2020-06-09T15:40:23+00:00","description":"Ein \u00dcberblick \u00fcber die Projekte, die ich in der Vergangenheit ausgef\u00fchrt habe. Kontaktieren Sie mich noch heute f\u00fcr ein unverbindliches Angebot","breadcrumb":{"@id":"https:\/\/www.westerwaldvertalingen.nl\/de\/portfolio\/#breadcrumb"},"inLanguage":"de","potentialAction":[{"@type":"ReadAction","target":["https:\/\/www.westerwaldvertalingen.nl\/de\/portfolio\/"]}]},{"@type":"BreadcrumbList","@id":"https:\/\/www.westerwaldvertalingen.nl\/de\/portfolio\/#breadcrumb","itemListElement":[{"@type":"ListItem","position":1,"name":"Home","item":"https:\/\/www.westerwaldvertalingen.nl\/de\/"},{"@type":"ListItem","position":2,"name":"Portfolio"}]},{"@type":"WebSite","@id":"https:\/\/www.westerwaldvertalingen.nl\/de\/#website","url":"https:\/\/www.westerwaldvertalingen.nl\/de\/","name":"Voor natuurlijke vertalingen Duits-Nederlands - Westerwald Vertalingen","description":"","potentialAction":[{"@type":"SearchAction","target":{"@type":"EntryPoint","urlTemplate":"https:\/\/www.westerwaldvertalingen.nl\/de\/?s={search_term_string}"},"query-input":{"@type":"PropertyValueSpecification","valueRequired":true,"valueName":"search_term_string"}}],"inLanguage":"de"}]}},"_links":{"self":[{"href":"https:\/\/www.westerwaldvertalingen.nl\/de\/wp-json\/wp\/v2\/pages\/3961","targetHints":{"allow":["GET"]}}],"collection":[{"href":"https:\/\/www.westerwaldvertalingen.nl\/de\/wp-json\/wp\/v2\/pages"}],"about":[{"href":"https:\/\/www.westerwaldvertalingen.nl\/de\/wp-json\/wp\/v2\/types\/page"}],"author":[{"embeddable":true,"href":"https:\/\/www.westerwaldvertalingen.nl\/de\/wp-json\/wp\/v2\/users\/2"}],"replies":[{"embeddable":true,"href":"https:\/\/www.westerwaldvertalingen.nl\/de\/wp-json\/wp\/v2\/comments?post=3961"}],"version-history":[{"count":0,"href":"https:\/\/www.westerwaldvertalingen.nl\/de\/wp-json\/wp\/v2\/pages\/3961\/revisions"}],"wp:attachment":[{"href":"https:\/\/www.westerwaldvertalingen.nl\/de\/wp-json\/wp\/v2\/media?parent=3961"}],"curies":[{"name":"wp","href":"https:\/\/api.w.org\/{rel}","templated":true}]}}