{"id":3959,"date":"2020-05-26T16:23:00","date_gmt":"2020-05-26T14:23:00","guid":{"rendered":"https:\/\/www.westerwaldvertalingen.nl\/ueber-mich\/"},"modified":"2024-06-21T12:13:56","modified_gmt":"2024-06-21T10:13:56","slug":"ueber-mich","status":"publish","type":"page","link":"https:\/\/www.westerwaldvertalingen.nl\/de\/ueber-mich\/","title":{"rendered":"\u00dcber mich"},"content":{"rendered":"<section class=\"l-section wpb_row height_medium\"><div class=\"l-section-h i-cf\"><div class=\"g-cols vc_row via_flex valign_top type_default stacking_default\"><div class=\"vc_col-sm-2\/5 wpb_column vc_column_container\"><div class=\"vc_column-inner\"><div class=\"wpb_wrapper\"><div class=\"wpb_text_column\"><div class=\"wpb_wrapper\"><h1>\u00dcber Westerwald \u00dcbersetzungen<\/h1>\n<p>Das Westerwald ist eine sch\u00f6ne, waldreiche Gegend in Deutschland. Es liegt im Bundesland Rheinland-Pfalz, \u00f6stlich von Koblenz.<\/p>\n<p>Rund 1800 hat hier die Familie Reichgelt gelebt. In Ransbach (heutzutage: Rans-Ransbach) wurde die T\u00f6pferware produziert und die Familie Reichgelt hat es vermutlich in der Umgebung von Nimwegen abgesetzt. Johann Reichgelt hat sich hier Anfang des 19. Jahrhunderts niedergelassen.<\/p>\n<\/div><\/div><\/div><\/div><\/div><div class=\"vc_col-sm-3\/5 wpb_column vc_column_container\"><div class=\"vc_column-inner\"><div class=\"wpb_wrapper\"><div class=\"w-image style_shadow-2 align_none us_animate_aft\"><div class=\"w-image-h\"><div class=\"w-image-shadow\" style=\"background-image:url(https:\/\/www.westerwaldvertalingen.nl\/wp-content\/uploads\/2020\/05\/westerwald-vertalingen-kaart-westerwald.jpg);\"><\/div><img decoding=\"async\" width=\"1470\" height=\"915\" src=\"https:\/\/www.westerwaldvertalingen.nl\/wp-content\/uploads\/2020\/05\/westerwald-vertalingen-kaart-westerwald.jpg\" class=\"attachment-full size-full\" alt=\"Westerwald Vertalingen - Voor natuurlijke vertalingen Duits \u2013 Nederlands\" loading=\"lazy\" srcset=\"https:\/\/www.westerwaldvertalingen.nl\/wp-content\/uploads\/2020\/05\/westerwald-vertalingen-kaart-westerwald.jpg 1470w, https:\/\/www.westerwaldvertalingen.nl\/wp-content\/uploads\/2020\/05\/westerwald-vertalingen-kaart-westerwald-300x187.jpg 300w, https:\/\/www.westerwaldvertalingen.nl\/wp-content\/uploads\/2020\/05\/westerwald-vertalingen-kaart-westerwald-1024x637.jpg 1024w\" sizes=\"auto, (max-width: 1470px) 100vw, 1470px\" \/><\/div><\/div><\/div><\/div><\/div><\/div><\/div><\/section><section class=\"l-section wpb_row height_medium color_alternate\"><div class=\"l-section-h i-cf\"><div class=\"g-cols vc_row via_flex valign_top type_default stacking_default\"><div class=\"vc_col-sm-4 wpb_column vc_column_container has_bg_color us_animate_afb\"><div class=\"vc_column-inner us_custom_0d15be52\"><div class=\"wpb_wrapper\"><div class=\"wpb_text_column\"><div class=\"wpb_wrapper\"><h3>Deutsche Sprache und Kultur<\/h3>\n<p>1993 habe ich mein Praktikum f\u00fcr die Bibliotheksausbildung absolviert. Dies tat ich in Hannover. Es wurde ein Erlebnis um niemals zu vergessen. Ab dem Augenblick wu\u00dfte ich: Die deutsche Sprache und Kultur haben definitiv mein Herz erobert.<\/p>\n<p>2003 entschied ich mich, dass ich auch beruflich etwas mit dieser Leidenschaft tun wollte. Ich fing an die Deutschleherausbildung zu tun. Hierdurch war ich in der Lage meine Sprachkenntnisse und mein Wissen \u00fcber die deutsche Kultur zu vergr\u00f6\u00dfern. Trotzdem entschied ich mich kein Lehrer zu werden.<\/p>\n<\/div><\/div><div class=\"w-separator size_medium\"><\/div><div class=\"w-btn-wrapper align_none\"><a class=\"w-btn us-btn-style_3\" title=\"Portfolio\" href=\"https:\/\/www.westerwaldvertalingen.nl\/de\/portfolio\/\"><span class=\"w-btn-label\">Portfolio<\/span><\/a><\/div><\/div><\/div><\/div><div class=\"vc_col-sm-4 wpb_column vc_column_container\"><div class=\"vc_column-inner\"><div class=\"wpb_wrapper\"><div class=\"ult-animation  ult-animate-viewport  ult-no-mobile \" data-animate=\"slideInUp\" data-animation-delay=\"0\" data-animation-duration=\"2\" data-animation-iteration=\"1\" style=\"opacity:0;\" data-opacity_start_effect=\"\"><div class=\"w-separator size_custom\" style=\"height:90px\"><\/div><div class=\"wpb_text_column\"><div class=\"wpb_wrapper\"><p>Der Wunsch um mich auch beruflich mit der deutschen Sprache und Kultur zu besch\u00e4ftigen blieb aber weiterhin existieren. Aus diesem Grund habe ich 2016 mit der Ausbildung zum \u00dcbersetzer an der ITV-Hogeschool angefangen. Diese Ausbildung habe ich 2018 mit Diplom abgeschlossen. Seitdem bin ich als freiberuflicher \u00dcbersetzer t\u00e4tig. Januar 2019 bin ich vor dem Gericht von Arnheim vereidigt worden.<\/p>\n<\/div><\/div><div class=\"w-separator size_medium\"><\/div><div class=\"w-image style_shadow-2 align_center\"><div class=\"w-image-h\"><div class=\"w-image-shadow\" style=\"background-image:url(https:\/\/www.westerwaldvertalingen.nl\/wp-content\/uploads\/2020\/05\/34157437_s.jpg);\"><\/div><img decoding=\"async\" width=\"848\" height=\"565\" src=\"https:\/\/www.westerwaldvertalingen.nl\/wp-content\/uploads\/2020\/05\/34157437_s.jpg\" class=\"attachment-full size-full\" alt=\"Westerwald Vertalingen - Voor natuurlijke vertalingen Duits \u2013 Nederlands\" loading=\"lazy\" srcset=\"https:\/\/www.westerwaldvertalingen.nl\/wp-content\/uploads\/2020\/05\/34157437_s.jpg 848w, https:\/\/www.westerwaldvertalingen.nl\/wp-content\/uploads\/2020\/05\/34157437_s-300x200.jpg 300w\" sizes=\"auto, (max-width: 848px) 100vw, 848px\" \/><\/div><\/div><div class=\"w-separator size_small\"><\/div><div class=\"wpb_text_column\"><div class=\"wpb_wrapper\"><p style=\"text-align: right;\"><strong>Rathaus in Hannover<\/strong><\/p>\n<\/div><\/div><\/div><\/div><\/div><\/div><div class=\"vc_col-sm-4 wpb_column vc_column_container\"><div class=\"vc_column-inner\"><div class=\"wpb_wrapper\"><div class=\"ult-animation  ult-animate-viewport  ult-no-mobile \" data-animate=\"slideInUp\" data-animation-delay=\"0\" data-animation-duration=\"3\" data-animation-iteration=\"1\" style=\"opacity:0;\" data-opacity_start_effect=\"\"><div class=\"w-separator size_custom\" style=\"height:90px\"><\/div><div class=\"wpb_text_column\"><div class=\"wpb_wrapper\"><p>Seit Mai 2000 arbeite ich bei Wageningen UR (Landwirtschaftliche Universit\u00e4t). In den ersten Jahren habe ich als bibliothekarischer Mitarbeiter gearbeitet. In den darauffolgenden Jahren wurde ich Dokumentar. In dieser Position war ich f\u00fcr die Schlagw\u00f6rter und das Schreiben von Referaten der deutschsprachigen Zeitschriftartikel zust\u00e4ndig. Dabei handelte es sich um Artikel \u00fcber Ackerbau, Weinbau, Viehzucht und Technik in der Landwirtschaft. In diesen Bereichen habe ich auch Webtexte f\u00fcr das Wissensportal \u201eGroen Kennisnet\u201c geschrieben. In den vergangenen Jahren habe ich Teile der Bibliothekssammlung digitalisiert und dabei oftmals PDF-Dateien bearbeitet.<\/p>\n<\/div><\/div><\/div><\/div><\/div><\/div><\/div><\/div><\/section><section class=\"l-section wpb_row height_large\"><div class=\"l-section-h i-cf\"><div class=\"g-cols vc_row via_flex valign_top type_default stacking_default\"><div class=\"vc_col-sm-8 wpb_column vc_column_container us_animate_afb\"><div class=\"vc_column-inner\"><div class=\"wpb_wrapper\"><div class=\"wpb_text_column\"><div class=\"wpb_wrapper\"><h2>Meine Arbeitsweise<\/h2>\n<\/div><\/div><div class=\"w-separator size_large\"><\/div><div class=\"g-cols wpb_row via_flex valign_top type_default stacking_default\"><div class=\"vc_col-sm-6 wpb_column vc_column_container us_animate_afb\"><div class=\"vc_column-inner\"><div class=\"wpb_wrapper\"><div class=\"wpb_text_column\"><div class=\"wpb_wrapper\"><h3>Transparente Preise<\/h3>\n<\/div><\/div><\/div><\/div><\/div><div class=\"vc_col-sm-6 wpb_column vc_column_container us_animate_afb\" style=\"animation-delay:0.5s\"><div class=\"vc_column-inner\"><div class=\"wpb_wrapper\"><div class=\"wpb_text_column\"><div class=\"wpb_wrapper\"><h3>Pers\u00f6nlicher Kontakt<\/h3>\n<\/div><\/div><\/div><\/div><\/div><\/div><div class=\"w-separator size_medium\"><\/div><div class=\"g-cols wpb_row via_flex valign_top type_default stacking_default\"><div class=\"vc_col-sm-6 wpb_column vc_column_container us_animate_afb\"><div class=\"vc_column-inner\"><div class=\"wpb_wrapper\"><div class=\"wpb_text_column\"><div class=\"wpb_wrapper\"><h3>Kostenloses Angebot<\/h3>\n<\/div><\/div><\/div><\/div><\/div><div class=\"vc_col-sm-6 wpb_column vc_column_container us_animate_afb\" style=\"animation-delay:0.5s\"><div class=\"vc_column-inner\"><div class=\"wpb_wrapper\"><div class=\"wpb_text_column\"><div class=\"wpb_wrapper\"><h3>Kundenorientiert und proaktiv<\/h3>\n<\/div><\/div><\/div><\/div><\/div><\/div><div class=\"w-separator size_medium\"><\/div><div class=\"g-cols wpb_row via_flex valign_top type_default stacking_default\"><div class=\"vc_col-sm-6 wpb_column vc_column_container us_animate_afb\"><div class=\"vc_column-inner\"><div class=\"wpb_wrapper\"><div class=\"wpb_text_column\"><div class=\"wpb_wrapper\"><h3>P\u00fcnktliche Lieferung<\/h3>\n<\/div><\/div><\/div><\/div><\/div><div class=\"vc_col-sm-6 wpb_column vc_column_container us_animate_afb\" style=\"animation-delay:0.5s\"><div class=\"vc_column-inner\"><div class=\"wpb_wrapper\"><div class=\"wpb_text_column\"><div class=\"wpb_wrapper\"><h3>Kompetent und professionell<\/h3>\n<\/div><\/div><\/div><\/div><\/div><\/div><div class=\"w-separator size_large\"><\/div><div class=\"w-btn-wrapper align_none\"><a class=\"w-btn us-btn-style_3\" title=\"Dienstleistungen\" href=\"https:\/\/www.westerwaldvertalingen.nl\/de\/dienstleistungen\/\"><span class=\"w-btn-label\">Dienstleistungen<\/span><\/a><\/div><\/div><\/div><\/div><div class=\"vc_col-sm-4 wpb_column vc_column_container\"><div class=\"vc_column-inner\"><div class=\"wpb_wrapper\"><div class=\"w-separator size_large\"><\/div><div class=\"w-separator size_large\"><\/div><div class=\"w-image style_shadow-2 align_center\"><div class=\"w-image-h\"><div class=\"w-image-shadow\" style=\"background-image:url(https:\/\/www.westerwaldvertalingen.nl\/wp-content\/uploads\/2020\/05\/westerwald-vertalingen-guus-reichgelt.jpg);\"><\/div><img decoding=\"async\" width=\"500\" height=\"500\" src=\"https:\/\/www.westerwaldvertalingen.nl\/wp-content\/uploads\/2020\/05\/westerwald-vertalingen-guus-reichgelt.jpg\" class=\"attachment-full size-full\" alt=\"Westerwald Vertalingen - Voor natuurlijke vertalingen Duits \u2013 Nederlands\" loading=\"lazy\" srcset=\"https:\/\/www.westerwaldvertalingen.nl\/wp-content\/uploads\/2020\/05\/westerwald-vertalingen-guus-reichgelt.jpg 500w, https:\/\/www.westerwaldvertalingen.nl\/wp-content\/uploads\/2020\/05\/westerwald-vertalingen-guus-reichgelt-300x300.jpg 300w, https:\/\/www.westerwaldvertalingen.nl\/wp-content\/uploads\/2020\/05\/westerwald-vertalingen-guus-reichgelt-150x150.jpg 150w\" sizes=\"auto, (max-width: 500px) 100vw, 500px\" \/><\/div><\/div><div class=\"w-separator size_small\"><\/div><div class=\"wpb_text_column\"><div class=\"wpb_wrapper\"><p style=\"text-align: right;\"><strong>Guus Reichgelt, \u00dcbersetzer<\/strong><\/p>\n<\/div><\/div><\/div><\/div><\/div><\/div><\/div><\/section><section class=\"l-section wpb_row height_auto width_full\"><div class=\"l-section-h i-cf\"><div class=\"g-cols vc_row via_flex valign_top type_default stacking_default\"><div class=\"vc_col-sm-12 wpb_column vc_column_container us_animate_afb\"><div class=\"vc_column-inner\"><div class=\"wpb_wrapper\"><section class=\"l-section wpb_row height_medium\"><div class=\"l-section-h i-cf\"><div class=\"g-cols vc_row via_flex valign_top type_default stacking_default\"><div class=\"vc_col-sm-12 wpb_column vc_column_container us_animate_afb\"><div class=\"vc_column-inner\"><div class=\"wpb_wrapper\"><div class=\"wpb_text_column\"><div class=\"wpb_wrapper\"><h2>Fordere ein unverbindliches Angebot an<\/h2>\n<\/div><\/div><\/div><\/div><\/div><\/div><\/div><\/section><section class=\"l-section wpb_row height_medium color_alternate\"><div class=\"l-section-h i-cf\"><div class=\"g-cols vc_row via_flex valign_top type_default stacking_default\"><div class=\"vc_col-sm-6 wpb_column vc_column_container us_animate_fade\"><div class=\"vc_column-inner\"><div class=\"wpb_wrapper\"><div class=\"wpb_text_column\"><div class=\"wpb_wrapper\"><h3><span style=\"font-size: 20px;\"><a href=\"mailto:info@westerwaldvertalingen.nl?subject=Kontakt\">info@westerwaldvertalingen.nl<\/a><\/span><\/h3>\n<\/div><\/div><\/div><\/div><\/div><div class=\"vc_col-sm-4 wpb_column vc_column_container us_animate_afb\" style=\"animation-delay:0.25s\"><div class=\"vc_column-inner\"><div class=\"wpb_wrapper\"><div class=\"wpb_text_column\"><div class=\"wpb_wrapper\"><p>Haben Sie ein Dokument, das Sie aus dem Deutschen ins Niederl\u00e4ndische \u00fcbersetzen m\u00f6chten? Oder eine andere Frage? Ich w\u00fcrde mich freuen, Ihnen bei Ihrer professionellen \u00dcbersetzung behilflich zu sein. Sie k\u00f6nnen mir eine <a href=\"mailto:info@westerwaldvertalingen.nl?subject=Kontakt\">E-Mail<\/a> senden oder das <a href=\"https:\/\/www.westerwaldvertalingen.nl\/de\/kontakt\/\">Kontaktformular<\/a> benutzen.<\/p>\n<\/div><\/div><\/div><\/div><\/div><\/div><\/div><\/section>\n<\/div><\/div><\/div><\/div><\/div><\/section>\n","protected":false},"excerpt":{"rendered":"\u00dcber Westerwald \u00dcbersetzungen Das Westerwald ist eine sch\u00f6ne, waldreiche Gegend in Deutschland. Es liegt im Bundesland Rheinland-Pfalz, \u00f6stlich von Koblenz. Rund 1800 hat hier die Familie Reichgelt gelebt. In Ransbach (heutzutage: Rans-Ransbach) wurde die T\u00f6pferware produziert und die Familie Reichgelt hat es vermutlich in der Umgebung von Nimwegen abgesetzt. Johann Reichgelt hat sich hier Anfang...","protected":false},"author":2,"featured_media":0,"parent":0,"menu_order":0,"comment_status":"closed","ping_status":"closed","template":"","meta":{"_monsterinsights_skip_tracking":false,"_monsterinsights_sitenote_active":false,"_monsterinsights_sitenote_note":"","_monsterinsights_sitenote_category":0,"footnotes":""},"class_list":["post-3959","page","type-page","status-publish","hentry"],"yoast_head":"<!-- This site is optimized with the Yoast SEO plugin v26.1.1 - https:\/\/yoast.com\/wordpress\/plugins\/seo\/ -->\n<title>\u00dcber mich - Voor natuurlijke vertalingen Duits-Nederlands - Westerwald Vertalingen<\/title>\n<meta name=\"description\" content=\"Ich jabe 2016 mit der Ausbildung zum \u00dcbersetzer an der ITV-Hogeschool angefangen. Diese Ausbildung habe ich 2018 mit Diplom abgeschlossen.\" \/>\n<meta name=\"robots\" content=\"index, follow, max-snippet:-1, max-image-preview:large, max-video-preview:-1\" \/>\n<link rel=\"canonical\" href=\"https:\/\/www.westerwaldvertalingen.nl\/de\/ueber-mich\/\" \/>\n<meta property=\"og:locale\" content=\"de_DE\" \/>\n<meta property=\"og:type\" content=\"article\" \/>\n<meta property=\"og:title\" content=\"\u00dcber mich - Voor natuurlijke vertalingen Duits-Nederlands - Westerwald Vertalingen\" \/>\n<meta property=\"og:description\" content=\"Ich jabe 2016 mit der Ausbildung zum \u00dcbersetzer an der ITV-Hogeschool angefangen. Diese Ausbildung habe ich 2018 mit Diplom abgeschlossen.\" \/>\n<meta property=\"og:url\" content=\"https:\/\/www.westerwaldvertalingen.nl\/de\/ueber-mich\/\" \/>\n<meta property=\"og:site_name\" content=\"Voor natuurlijke vertalingen Duits-Nederlands - Westerwald Vertalingen\" \/>\n<meta property=\"article:modified_time\" content=\"2024-06-21T10:13:56+00:00\" \/>\n<meta property=\"og:image\" content=\"https:\/\/www.westerwaldvertalingen.nl\/wp-content\/uploads\/2020\/05\/westerwald-vertalingen-guus-reichgelt.jpg\" \/>\n\t<meta property=\"og:image:width\" content=\"500\" \/>\n\t<meta property=\"og:image:height\" content=\"500\" \/>\n\t<meta property=\"og:image:type\" content=\"image\/jpeg\" \/>\n<meta name=\"twitter:card\" content=\"summary_large_image\" \/>\n<meta name=\"twitter:label1\" content=\"Gesch\u00e4tzte Lesezeit\" \/>\n\t<meta name=\"twitter:data1\" content=\"4\u00a0Minuten\" \/>\n<script type=\"application\/ld+json\" class=\"yoast-schema-graph\">{\"@context\":\"https:\/\/schema.org\",\"@graph\":[{\"@type\":\"WebPage\",\"@id\":\"https:\/\/www.westerwaldvertalingen.nl\/de\/ueber-mich\/\",\"url\":\"https:\/\/www.westerwaldvertalingen.nl\/de\/ueber-mich\/\",\"name\":\"\u00dcber mich - Voor natuurlijke vertalingen Duits-Nederlands - Westerwald Vertalingen\",\"isPartOf\":{\"@id\":\"https:\/\/www.westerwaldvertalingen.nl\/de\/#website\"},\"datePublished\":\"2020-05-26T14:23:00+00:00\",\"dateModified\":\"2024-06-21T10:13:56+00:00\",\"description\":\"Ich jabe 2016 mit der Ausbildung zum \u00dcbersetzer an der ITV-Hogeschool angefangen. Diese Ausbildung habe ich 2018 mit Diplom abgeschlossen.\",\"breadcrumb\":{\"@id\":\"https:\/\/www.westerwaldvertalingen.nl\/de\/ueber-mich\/#breadcrumb\"},\"inLanguage\":\"de\",\"potentialAction\":[{\"@type\":\"ReadAction\",\"target\":[\"https:\/\/www.westerwaldvertalingen.nl\/de\/ueber-mich\/\"]}]},{\"@type\":\"BreadcrumbList\",\"@id\":\"https:\/\/www.westerwaldvertalingen.nl\/de\/ueber-mich\/#breadcrumb\",\"itemListElement\":[{\"@type\":\"ListItem\",\"position\":1,\"name\":\"Home\",\"item\":\"https:\/\/www.westerwaldvertalingen.nl\/de\/\"},{\"@type\":\"ListItem\",\"position\":2,\"name\":\"\u00dcber mich\"}]},{\"@type\":\"WebSite\",\"@id\":\"https:\/\/www.westerwaldvertalingen.nl\/de\/#website\",\"url\":\"https:\/\/www.westerwaldvertalingen.nl\/de\/\",\"name\":\"Voor natuurlijke vertalingen Duits-Nederlands - Westerwald Vertalingen\",\"description\":\"\",\"potentialAction\":[{\"@type\":\"SearchAction\",\"target\":{\"@type\":\"EntryPoint\",\"urlTemplate\":\"https:\/\/www.westerwaldvertalingen.nl\/de\/?s={search_term_string}\"},\"query-input\":{\"@type\":\"PropertyValueSpecification\",\"valueRequired\":true,\"valueName\":\"search_term_string\"}}],\"inLanguage\":\"de\"}]}<\/script>\n<!-- \/ Yoast SEO plugin. -->","yoast_head_json":{"title":"\u00dcber mich - Voor natuurlijke vertalingen Duits-Nederlands - Westerwald Vertalingen","description":"Ich jabe 2016 mit der Ausbildung zum \u00dcbersetzer an der ITV-Hogeschool angefangen. Diese Ausbildung habe ich 2018 mit Diplom abgeschlossen.","robots":{"index":"index","follow":"follow","max-snippet":"max-snippet:-1","max-image-preview":"max-image-preview:large","max-video-preview":"max-video-preview:-1"},"canonical":"https:\/\/www.westerwaldvertalingen.nl\/de\/ueber-mich\/","og_locale":"de_DE","og_type":"article","og_title":"\u00dcber mich - Voor natuurlijke vertalingen Duits-Nederlands - Westerwald Vertalingen","og_description":"Ich jabe 2016 mit der Ausbildung zum \u00dcbersetzer an der ITV-Hogeschool angefangen. Diese Ausbildung habe ich 2018 mit Diplom abgeschlossen.","og_url":"https:\/\/www.westerwaldvertalingen.nl\/de\/ueber-mich\/","og_site_name":"Voor natuurlijke vertalingen Duits-Nederlands - Westerwald Vertalingen","article_modified_time":"2024-06-21T10:13:56+00:00","og_image":[{"width":500,"height":500,"url":"https:\/\/www.westerwaldvertalingen.nl\/wp-content\/uploads\/2020\/05\/westerwald-vertalingen-guus-reichgelt.jpg","type":"image\/jpeg"}],"twitter_card":"summary_large_image","twitter_misc":{"Gesch\u00e4tzte Lesezeit":"4\u00a0Minuten"},"schema":{"@context":"https:\/\/schema.org","@graph":[{"@type":"WebPage","@id":"https:\/\/www.westerwaldvertalingen.nl\/de\/ueber-mich\/","url":"https:\/\/www.westerwaldvertalingen.nl\/de\/ueber-mich\/","name":"\u00dcber mich - Voor natuurlijke vertalingen Duits-Nederlands - Westerwald Vertalingen","isPartOf":{"@id":"https:\/\/www.westerwaldvertalingen.nl\/de\/#website"},"datePublished":"2020-05-26T14:23:00+00:00","dateModified":"2024-06-21T10:13:56+00:00","description":"Ich jabe 2016 mit der Ausbildung zum \u00dcbersetzer an der ITV-Hogeschool angefangen. Diese Ausbildung habe ich 2018 mit Diplom abgeschlossen.","breadcrumb":{"@id":"https:\/\/www.westerwaldvertalingen.nl\/de\/ueber-mich\/#breadcrumb"},"inLanguage":"de","potentialAction":[{"@type":"ReadAction","target":["https:\/\/www.westerwaldvertalingen.nl\/de\/ueber-mich\/"]}]},{"@type":"BreadcrumbList","@id":"https:\/\/www.westerwaldvertalingen.nl\/de\/ueber-mich\/#breadcrumb","itemListElement":[{"@type":"ListItem","position":1,"name":"Home","item":"https:\/\/www.westerwaldvertalingen.nl\/de\/"},{"@type":"ListItem","position":2,"name":"\u00dcber mich"}]},{"@type":"WebSite","@id":"https:\/\/www.westerwaldvertalingen.nl\/de\/#website","url":"https:\/\/www.westerwaldvertalingen.nl\/de\/","name":"Voor natuurlijke vertalingen Duits-Nederlands - Westerwald Vertalingen","description":"","potentialAction":[{"@type":"SearchAction","target":{"@type":"EntryPoint","urlTemplate":"https:\/\/www.westerwaldvertalingen.nl\/de\/?s={search_term_string}"},"query-input":{"@type":"PropertyValueSpecification","valueRequired":true,"valueName":"search_term_string"}}],"inLanguage":"de"}]}},"_links":{"self":[{"href":"https:\/\/www.westerwaldvertalingen.nl\/de\/wp-json\/wp\/v2\/pages\/3959","targetHints":{"allow":["GET"]}}],"collection":[{"href":"https:\/\/www.westerwaldvertalingen.nl\/de\/wp-json\/wp\/v2\/pages"}],"about":[{"href":"https:\/\/www.westerwaldvertalingen.nl\/de\/wp-json\/wp\/v2\/types\/page"}],"author":[{"embeddable":true,"href":"https:\/\/www.westerwaldvertalingen.nl\/de\/wp-json\/wp\/v2\/users\/2"}],"replies":[{"embeddable":true,"href":"https:\/\/www.westerwaldvertalingen.nl\/de\/wp-json\/wp\/v2\/comments?post=3959"}],"version-history":[{"count":3,"href":"https:\/\/www.westerwaldvertalingen.nl\/de\/wp-json\/wp\/v2\/pages\/3959\/revisions"}],"predecessor-version":[{"id":4118,"href":"https:\/\/www.westerwaldvertalingen.nl\/de\/wp-json\/wp\/v2\/pages\/3959\/revisions\/4118"}],"wp:attachment":[{"href":"https:\/\/www.westerwaldvertalingen.nl\/de\/wp-json\/wp\/v2\/media?parent=3959"}],"curies":[{"name":"wp","href":"https:\/\/api.w.org\/{rel}","templated":true}]}}