{"id":3955,"date":"2020-05-26T16:18:19","date_gmt":"2020-05-26T14:18:19","guid":{"rendered":"https:\/\/www.westerwaldvertalingen.nl\/dienstleistungen\/"},"modified":"2024-06-21T12:12:27","modified_gmt":"2024-06-21T10:12:27","slug":"dienstleistungen","status":"publish","type":"page","link":"https:\/\/www.westerwaldvertalingen.nl\/de\/dienstleistungen\/","title":{"rendered":"Dienstleistungen"},"content":{"rendered":"<section class=\"l-section wpb_row height_medium\"><div class=\"l-section-h i-cf\"><div class=\"g-cols vc_row via_flex valign_top type_default stacking_default\"><div class=\"vc_col-sm-6 wpb_column vc_column_container us_animate_afb\"><div class=\"vc_column-inner\"><div class=\"wpb_wrapper\"><div class=\"wpb_text_column\"><div class=\"wpb_wrapper\"><h1>\u00dcbersetzungen und Lektorat<\/h1>\n<\/div><\/div><div class=\"w-separator size_medium\"><\/div><div class=\"wpb_text_column\"><div class=\"wpb_wrapper\"><p>Auf dieser Seite finden Sie mein Dienstleistungsangebot. Ich denke gerne mit Ihnen mit und gemeinsam suchen wir nach L\u00f6sungen. Ben\u00f6tigen Sie eine verst\u00e4ndliche \u00dcbersetzung deutscher Texte. Ich werde mich darum k\u00fcmmern. Kontaktieren Sie mich noch heute f\u00fcr ein unverbindliches Angebot.<\/p>\n<\/div><\/div><div class=\"w-separator size_large\"><\/div><\/div><\/div><\/div><div class=\"vc_col-sm-6 wpb_column vc_column_container\"><div class=\"vc_column-inner\"><div class=\"wpb_wrapper\"><\/div><\/div><\/div><\/div><\/div><\/section><section class=\"l-section wpb_row height_auto\" id=\"vertalingen\"><div class=\"l-section-h i-cf\"><div class=\"g-cols vc_row via_flex valign_top type_default reversed stacking_default\" style=\"--additional-gap:20px;\"><div class=\"vc_col-sm-2\/5 vc_hidden-sm vc_hidden-xs wpb_column vc_column_container us_animate_afc\" style=\"animation-delay:0.5s\"><div class=\"vc_column-inner\"><div class=\"wpb_wrapper\"><div class=\"w-separator size_custom\" style=\"height:17px\"><\/div><div class=\"w-image style_shadow-2 align_none\"><div class=\"w-image-h\"><div class=\"w-image-shadow\" style=\"background-image:url(https:\/\/www.westerwaldvertalingen.nl\/wp-content\/uploads\/2020\/05\/westerwald-vertalingen-producten-vertalingen.jpg);\"><\/div><img decoding=\"async\" width=\"640\" height=\"426\" src=\"https:\/\/www.westerwaldvertalingen.nl\/wp-content\/uploads\/2020\/05\/westerwald-vertalingen-producten-vertalingen.jpg\" class=\"attachment-large size-large\" alt=\"Westerwald Vertalingen - Voor natuurlijke vertalingen Duits \u2013 Nederlands\" loading=\"lazy\" srcset=\"https:\/\/www.westerwaldvertalingen.nl\/wp-content\/uploads\/2020\/05\/westerwald-vertalingen-producten-vertalingen.jpg 640w, https:\/\/www.westerwaldvertalingen.nl\/wp-content\/uploads\/2020\/05\/westerwald-vertalingen-producten-vertalingen-300x200.jpg 300w\" sizes=\"auto, (max-width: 640px) 100vw, 640px\" \/><\/div><\/div><\/div><\/div><\/div><div class=\"vc_col-sm-2\/5 wpb_column vc_column_container us_animate_afb\" style=\"animation-delay:0.5s\"><div class=\"vc_column-inner\"><div class=\"wpb_wrapper\"><div class=\"wpb_text_column\"><div class=\"wpb_wrapper\"><h2>\u00dcbersetzungen<\/h2>\n<h4>Deutsch &#8211; Niederl\u00e4ndisch &#8211; Muttersprachenprinzip<\/h4>\n<p>Sie haben ein Produkt und wollen es auf dem niederl\u00e4ndischen Markt einf\u00fchren? F\u00fcr einen guten ersten Eindruck auf ihren potenziellen Kunden, ist es wichtig, dass Ihre Texte richtig \u00fcbersetzt sind. Ich bin spezialisiert auf Technische und Marketing Texte oder eine Kombi von den Beiden. Dar\u00fcber hinaus durfte ich im landwirtschaftlichen Bereich viel Kenntnisse sammeln. Dabei arbeite ich nach dem Muttersprachlerprinzip: Ich \u00fcbersetze nur in die niederl\u00e4ndische Sprache. Brauchen Sie eine \u00dcbersetzung in die deutsche Sprache? Ich kann dem Kontakt zu einer Kollegin oder Kollege herstellen.<\/p>\n<p><strong>Wie funktioniert eine \u00dcbersetzung?<br \/>\n<\/strong>Sobald ich die Dokumente in meinem Besitz habe und vorausgesetzt, dass es m\u00f6glich ist, lese ich diese durch. So bekomme ich ein Gesp\u00fcr beim Text: Welches Publikum m\u00f6chte der Autor erreichen? Welche Botschaft will er vermitteln? Wie ist der Text strukturiert? Verstehe ich alles was \u00fcbersetzt geh\u00f6rt? Wie sind eventuelle Schwierigkeiten? Falls n\u00f6tig recherchiere ich bereits im Voraus um mich mit dem Thema vertraut zu machen.<\/p>\n<p>Dann setze ich mich an die \u00dcbersetzung. Schwierigkeiten notiere ich, damit ich sie unterwegs oder sp\u00e4ter l\u00f6sen kann.<\/p>\n<p><strong>Quality Assurance<br \/>\n<\/strong>Wenn der Text fertig ist, mache ich eine erste Rechtschreibpr\u00fcfung und eine QA (Quality Assurance). Im QA-Verfahren wird gepr\u00fcft, ob alles konsistent \u00fcbersetzt wurde, ob Leerzeichen und Kapitale an der richtigen Stelle sind und ob die Zahlen stimmen.<\/p>\n<p>Anschlie\u00dfend lese ich den Text noch einmal durch, um die verbliebenen Rechtschreibfehler herauszufiltern, aber auch um zu schauen, ob der Text verst\u00e4ndlich formuliert ist und ob der Satzbau und Stil stimmen. Zum Schluss f\u00fchre ich die Korrekturen durch und f\u00fchre noch einmal eine Rechtschreibpr\u00fcfung und QA durch um sicherzugehen, dass ich beim Korrigieren keine neuen Rechtschreibfehler gemacht habe.<\/p>\n<\/div><\/div><div class=\"w-separator size_medium\"><\/div><\/div><\/div><\/div><div class=\"vc_col-sm-1\/5 wpb_column vc_column_container\"><div class=\"vc_column-inner\"><div class=\"wpb_wrapper\"><\/div><\/div><\/div><\/div><\/div><\/section><section class=\"l-section wpb_row us_custom_0d15be52 height_auto\" id=\"proeflezen\"><div class=\"l-section-h i-cf\"><div class=\"g-cols vc_row via_flex valign_top type_default stacking_default\" style=\"--additional-gap:20px;\"><div class=\"vc_col-sm-2\/5 wpb_column vc_column_container us_animate_afb\" style=\"animation-delay:0.5s\"><div class=\"vc_column-inner\"><div class=\"wpb_wrapper\"><div class=\"w-separator size_huge\"><\/div><div class=\"wpb_text_column\"><div class=\"wpb_wrapper\"><h2>Lektorat<\/h2>\n<h4>Pr\u00e4zise Kontrolle Ihrer Texte<\/h4>\n<p>Manchmal haben Sie bereits einen Text: Entweder bereits \u00fcbersetzt oder sogar auf Niederl\u00e4ndisch. Sie wundern sich: Ist das, was ich her\u00fcberbringen wollte? Habe ich das richtig formuliert? Stimmt das \u00fcberhaupt? Ich kann Ihren Text mit einem kritischen Auge betrachten.<\/p>\n<p>Beim Lektorat fange ich immer mit einer Rechtschreibpr\u00fcfung und eine QA an. Das verschafft mir einen ersten Eindruck \u00fcber die Qualit\u00e4t der \u00dcbersetzung. Die ersten Korrekturen f\u00fchre ich bereits durch und anschlie\u00dfend lese ich die \u00dcbersetzung ganz durch. Wenn ich den Text nicht kenne, soll ich extra kritisch sein auf Sachen im Text, die ich nicht verstehe. Ich recherchiere das und entscheide anschlie\u00dfend, ob es erforderlich ist den Text zu verdeutlichen. Anschlie\u00dfend schaue ich, ob es m\u00f6glich ist um Verbesserungen im Text anzubringen (falls erw\u00fcnscht). Das sind keine Fehler, sondern nur Sachen die den Text verbessern. Idealerweise mache ich das immer in Absprache mit dem \u00dcbersetzer. Die Verbesserungen f\u00fchre ich wieder durch und anschlie\u00dfend mache ich wieder eine Rechtschreibpr\u00fcfung und QA um sicher zu gehen, dass ich beim Korrigieren keine neuen Rechtschreibfehler gemacht habe<\/p>\n<\/div><\/div><div class=\"w-separator size_medium\"><\/div><\/div><\/div><\/div><div class=\"vc_col-sm-2\/5 vc_hidden-sm vc_hidden-xs wpb_column vc_column_container us_animate_afc\"><div class=\"vc_column-inner\"><div class=\"wpb_wrapper\"><div class=\"w-separator size_huge\"><\/div><div class=\"w-separator size_custom\" style=\"height:12px\"><\/div><div class=\"w-image style_shadow-2 align_right\"><div class=\"w-image-h\"><div class=\"w-image-shadow\" style=\"background-image:url(https:\/\/www.westerwaldvertalingen.nl\/wp-content\/uploads\/2020\/05\/westerwald-vertalingen-producten-proeflezen.jpg);\"><\/div><img decoding=\"async\" width=\"640\" height=\"480\" src=\"https:\/\/www.westerwaldvertalingen.nl\/wp-content\/uploads\/2020\/05\/westerwald-vertalingen-producten-proeflezen.jpg\" class=\"attachment-full size-full\" alt=\"Westerwald Vertalingen - Voor natuurlijke vertalingen Duits \u2013 Nederlands\" loading=\"lazy\" srcset=\"https:\/\/www.westerwaldvertalingen.nl\/wp-content\/uploads\/2020\/05\/westerwald-vertalingen-producten-proeflezen.jpg 640w, https:\/\/www.westerwaldvertalingen.nl\/wp-content\/uploads\/2020\/05\/westerwald-vertalingen-producten-proeflezen-300x225.jpg 300w\" sizes=\"auto, (max-width: 640px) 100vw, 640px\" \/><\/div><\/div><div class=\"w-separator size_medium\"><\/div><\/div><\/div><\/div><div class=\"vc_col-sm-1\/5 wpb_column vc_column_container\"><div class=\"vc_column-inner\"><div class=\"wpb_wrapper\"><\/div><\/div><\/div><\/div><\/div><\/section><section class=\"l-section wpb_row hide_on_default hide_on_laptops hide_on_tablets hide_on_mobiles height_auto\" id=\"beedigde-vertalingen\"><div class=\"l-section-h i-cf\"><div class=\"g-cols vc_row via_flex valign_top type_default reversed stacking_default\" style=\"--additional-gap:20px;\"><div class=\"vc_col-sm-2\/5 vc_hidden-sm vc_hidden-xs wpb_column vc_column_container us_animate_afc\"><div class=\"vc_column-inner\"><div class=\"wpb_wrapper\"><div class=\"w-separator size_huge\"><\/div><div class=\"w-separator size_small\"><\/div><div class=\"w-separator size_custom\" style=\"height:15px\"><\/div><div class=\"w-image align_none\"><div class=\"w-image-h\"><img decoding=\"async\" width=\"640\" height=\"427\" src=\"https:\/\/www.westerwaldvertalingen.nl\/wp-content\/uploads\/2020\/05\/westerwald-vertalingen-producten-beedigde-vertalingen.jpg\" class=\"attachment-large size-large\" alt=\"Westerwald Vertalingen - Voor natuurlijke vertalingen Duits \u2013 Nederlands\" loading=\"lazy\" srcset=\"https:\/\/www.westerwaldvertalingen.nl\/wp-content\/uploads\/2020\/05\/westerwald-vertalingen-producten-beedigde-vertalingen.jpg 640w, https:\/\/www.westerwaldvertalingen.nl\/wp-content\/uploads\/2020\/05\/westerwald-vertalingen-producten-beedigde-vertalingen-300x200.jpg 300w\" sizes=\"auto, (max-width: 640px) 100vw, 640px\" \/><\/div><\/div><\/div><\/div><\/div><div class=\"vc_col-sm-2\/5 wpb_column vc_column_container us_animate_afb\" style=\"animation-delay:0.5s\"><div class=\"vc_column-inner\"><div class=\"wpb_wrapper\"><div class=\"w-separator size_huge\"><\/div><div class=\"w-separator size_small\"><\/div><div class=\"wpb_text_column\"><div class=\"wpb_wrapper\"><h2>Beglaubigte \u00dcbersetzungen<\/h2>\n<h4 style=\"font-family: Georgia, 'Times New Roman', 'Bitstream Charter', Times, serif;\">Wann ben\u00f6tigen Sie eine beglaubigte \u00dcbersetzung?<\/h4>\n<p>F\u00fcr bestimmte offizielle Angelegenheiten braucht man eine beglaubigte \u00dcbersetzung. Der \u00dcbersetzer(in) macht einen Stempel auf die \u00dcbersetzung und f\u00fcgt anschlie\u00dfend eine Schlussformel hinzu. Das Ganze wird zusammengeheftet. Eine solche \u00dcbersetzung brauchen Sie beispielsweise, wenn Sie in den Niederlanden studieren oder arbeiten wollen, aber nur ein deutschsprachiges Zeugnis haben.<\/p>\n<p>Bei beglaubigten \u00dcbersetzungen erhalte ich gerne einen klaren Scan vom Dokument, das \u00fcbersetzt werden muss. Anhand von diesem Dokument bereite ich Ihnen ein unverbindliches Angebot. Wenn Sie einverstanden sind, unterschreiben Sie es und sobald auch die Zahlung eingegangen ist, werde ich es \u00fcbersetzen. Dabei achte ich darauf, dass ich die Aufmachung Ihres Dokumentes intakt lasse. Zum Schluss hefte ich die \u00dcbersetzung am mir vorliegenden Original und versehe es von den ben\u00f6tigten Stempeln und Unterschriften. Ihre \u00dcbersetzung geht per Post und Sendungsverfolgung zum von Ihnen angegebenen Adresse.<\/p>\n<\/div><\/div><div class=\"w-separator size_medium\"><\/div><\/div><\/div><\/div><div class=\"vc_col-sm-1\/5 wpb_column vc_column_container\"><div class=\"vc_column-inner\"><div class=\"wpb_wrapper\"><\/div><\/div><\/div><\/div><\/div><\/section><section class=\"l-section wpb_row height_auto width_full\"><div class=\"l-section-h i-cf\"><div class=\"g-cols vc_row via_flex valign_top type_default stacking_default\"><div class=\"vc_col-sm-12 wpb_column vc_column_container\"><div class=\"vc_column-inner\"><div class=\"wpb_wrapper\"><section class=\"l-section wpb_row height_medium\"><div class=\"l-section-h i-cf\"><div class=\"g-cols vc_row via_flex valign_top type_default stacking_default\"><div class=\"vc_col-sm-12 wpb_column vc_column_container us_animate_afb\"><div class=\"vc_column-inner\"><div class=\"wpb_wrapper\"><div class=\"wpb_text_column\"><div class=\"wpb_wrapper\"><h2>Fordere ein unverbindliches Angebot an<\/h2>\n<\/div><\/div><\/div><\/div><\/div><\/div><\/div><\/section><section class=\"l-section wpb_row height_medium color_alternate\"><div class=\"l-section-h i-cf\"><div class=\"g-cols vc_row via_flex valign_top type_default stacking_default\"><div class=\"vc_col-sm-6 wpb_column vc_column_container us_animate_fade\"><div class=\"vc_column-inner\"><div class=\"wpb_wrapper\"><div class=\"wpb_text_column\"><div class=\"wpb_wrapper\"><h3><span style=\"font-size: 20px;\"><a href=\"mailto:info@westerwaldvertalingen.nl?subject=Kontakt\">info@westerwaldvertalingen.nl<\/a><\/span><\/h3>\n<\/div><\/div><\/div><\/div><\/div><div class=\"vc_col-sm-4 wpb_column vc_column_container us_animate_afb\" style=\"animation-delay:0.25s\"><div class=\"vc_column-inner\"><div class=\"wpb_wrapper\"><div class=\"wpb_text_column\"><div class=\"wpb_wrapper\"><p>Haben Sie ein Dokument, das Sie aus dem Deutschen ins Niederl\u00e4ndische \u00fcbersetzen m\u00f6chten? Oder eine andere Frage? Ich w\u00fcrde mich freuen, Ihnen bei Ihrer professionellen \u00dcbersetzung behilflich zu sein. Sie k\u00f6nnen mir eine <a href=\"mailto:info@westerwaldvertalingen.nl?subject=Kontakt\">E-Mail<\/a> senden oder das <a href=\"https:\/\/www.westerwaldvertalingen.nl\/de\/kontakt\/\">Kontaktformular<\/a> benutzen.<\/p>\n<\/div><\/div><\/div><\/div><\/div><\/div><\/div><\/section>\n<\/div><\/div><\/div><\/div><\/div><\/section>\n","protected":false},"excerpt":{"rendered":"\u00dcbersetzungen und Lektorat Auf dieser Seite finden Sie mein Dienstleistungsangebot. Ich denke gerne mit Ihnen mit und gemeinsam suchen wir nach L\u00f6sungen. Ben\u00f6tigen Sie eine verst\u00e4ndliche \u00dcbersetzung deutscher Texte. Ich werde mich darum k\u00fcmmern. Kontaktieren Sie mich noch heute f\u00fcr ein unverbindliches Angebot. \u00dcbersetzungen Deutsch &#8211; Niederl\u00e4ndisch &#8211; Muttersprachenprinzip Sie haben ein Produkt und wollen...","protected":false},"author":2,"featured_media":0,"parent":0,"menu_order":0,"comment_status":"closed","ping_status":"closed","template":"","meta":{"_monsterinsights_skip_tracking":false,"_monsterinsights_sitenote_active":false,"_monsterinsights_sitenote_note":"","_monsterinsights_sitenote_category":0,"footnotes":""},"class_list":["post-3955","page","type-page","status-publish","hentry"],"yoast_head":"<!-- This site is optimized with the Yoast SEO plugin v26.1.1 - https:\/\/yoast.com\/wordpress\/plugins\/seo\/ -->\n<title>Dienstleistungen - Voor natuurlijke vertalingen Duits-Nederlands - Westerwald Vertalingen<\/title>\n<meta name=\"description\" content=\"Auf dieser Seite finden Sie mein Dienstleistungsangebot. Ich denke gerne mit Ihnen mit und gemeinsam suchen wir nach L\u00f6sungen.\" \/>\n<meta name=\"robots\" content=\"index, follow, max-snippet:-1, max-image-preview:large, max-video-preview:-1\" \/>\n<link rel=\"canonical\" href=\"https:\/\/www.westerwaldvertalingen.nl\/de\/dienstleistungen\/\" \/>\n<meta property=\"og:locale\" content=\"de_DE\" \/>\n<meta property=\"og:type\" content=\"article\" \/>\n<meta property=\"og:title\" content=\"Dienstleistungen - Voor natuurlijke vertalingen Duits-Nederlands - Westerwald Vertalingen\" \/>\n<meta property=\"og:description\" content=\"Auf dieser Seite finden Sie mein Dienstleistungsangebot. Ich denke gerne mit Ihnen mit und gemeinsam suchen wir nach L\u00f6sungen.\" \/>\n<meta property=\"og:url\" content=\"https:\/\/www.westerwaldvertalingen.nl\/de\/dienstleistungen\/\" \/>\n<meta property=\"og:site_name\" content=\"Voor natuurlijke vertalingen Duits-Nederlands - Westerwald Vertalingen\" \/>\n<meta property=\"article:modified_time\" content=\"2024-06-21T10:12:27+00:00\" \/>\n<meta property=\"og:image\" content=\"https:\/\/www.westerwaldvertalingen.nl\/wp-content\/uploads\/2020\/05\/westerwald-vertalingen-guus-reichgelt.jpg\" \/>\n\t<meta property=\"og:image:width\" content=\"500\" \/>\n\t<meta property=\"og:image:height\" content=\"500\" \/>\n\t<meta property=\"og:image:type\" content=\"image\/jpeg\" \/>\n<meta name=\"twitter:card\" content=\"summary_large_image\" \/>\n<meta name=\"twitter:label1\" content=\"Gesch\u00e4tzte Lesezeit\" \/>\n\t<meta name=\"twitter:data1\" content=\"5\u00a0Minuten\" \/>\n<script type=\"application\/ld+json\" class=\"yoast-schema-graph\">{\"@context\":\"https:\/\/schema.org\",\"@graph\":[{\"@type\":\"WebPage\",\"@id\":\"https:\/\/www.westerwaldvertalingen.nl\/de\/dienstleistungen\/\",\"url\":\"https:\/\/www.westerwaldvertalingen.nl\/de\/dienstleistungen\/\",\"name\":\"Dienstleistungen - Voor natuurlijke vertalingen Duits-Nederlands - Westerwald Vertalingen\",\"isPartOf\":{\"@id\":\"https:\/\/www.westerwaldvertalingen.nl\/de\/#website\"},\"datePublished\":\"2020-05-26T14:18:19+00:00\",\"dateModified\":\"2024-06-21T10:12:27+00:00\",\"description\":\"Auf dieser Seite finden Sie mein Dienstleistungsangebot. Ich denke gerne mit Ihnen mit und gemeinsam suchen wir nach L\u00f6sungen.\",\"breadcrumb\":{\"@id\":\"https:\/\/www.westerwaldvertalingen.nl\/de\/dienstleistungen\/#breadcrumb\"},\"inLanguage\":\"de\",\"potentialAction\":[{\"@type\":\"ReadAction\",\"target\":[\"https:\/\/www.westerwaldvertalingen.nl\/de\/dienstleistungen\/\"]}]},{\"@type\":\"BreadcrumbList\",\"@id\":\"https:\/\/www.westerwaldvertalingen.nl\/de\/dienstleistungen\/#breadcrumb\",\"itemListElement\":[{\"@type\":\"ListItem\",\"position\":1,\"name\":\"Home\",\"item\":\"https:\/\/www.westerwaldvertalingen.nl\/de\/\"},{\"@type\":\"ListItem\",\"position\":2,\"name\":\"Dienstleistungen\"}]},{\"@type\":\"WebSite\",\"@id\":\"https:\/\/www.westerwaldvertalingen.nl\/de\/#website\",\"url\":\"https:\/\/www.westerwaldvertalingen.nl\/de\/\",\"name\":\"Voor natuurlijke vertalingen Duits-Nederlands - Westerwald Vertalingen\",\"description\":\"\",\"potentialAction\":[{\"@type\":\"SearchAction\",\"target\":{\"@type\":\"EntryPoint\",\"urlTemplate\":\"https:\/\/www.westerwaldvertalingen.nl\/de\/?s={search_term_string}\"},\"query-input\":{\"@type\":\"PropertyValueSpecification\",\"valueRequired\":true,\"valueName\":\"search_term_string\"}}],\"inLanguage\":\"de\"}]}<\/script>\n<!-- \/ Yoast SEO plugin. -->","yoast_head_json":{"title":"Dienstleistungen - Voor natuurlijke vertalingen Duits-Nederlands - Westerwald Vertalingen","description":"Auf dieser Seite finden Sie mein Dienstleistungsangebot. Ich denke gerne mit Ihnen mit und gemeinsam suchen wir nach L\u00f6sungen.","robots":{"index":"index","follow":"follow","max-snippet":"max-snippet:-1","max-image-preview":"max-image-preview:large","max-video-preview":"max-video-preview:-1"},"canonical":"https:\/\/www.westerwaldvertalingen.nl\/de\/dienstleistungen\/","og_locale":"de_DE","og_type":"article","og_title":"Dienstleistungen - Voor natuurlijke vertalingen Duits-Nederlands - Westerwald Vertalingen","og_description":"Auf dieser Seite finden Sie mein Dienstleistungsangebot. Ich denke gerne mit Ihnen mit und gemeinsam suchen wir nach L\u00f6sungen.","og_url":"https:\/\/www.westerwaldvertalingen.nl\/de\/dienstleistungen\/","og_site_name":"Voor natuurlijke vertalingen Duits-Nederlands - Westerwald Vertalingen","article_modified_time":"2024-06-21T10:12:27+00:00","og_image":[{"width":500,"height":500,"url":"https:\/\/www.westerwaldvertalingen.nl\/wp-content\/uploads\/2020\/05\/westerwald-vertalingen-guus-reichgelt.jpg","type":"image\/jpeg"}],"twitter_card":"summary_large_image","twitter_misc":{"Gesch\u00e4tzte Lesezeit":"5\u00a0Minuten"},"schema":{"@context":"https:\/\/schema.org","@graph":[{"@type":"WebPage","@id":"https:\/\/www.westerwaldvertalingen.nl\/de\/dienstleistungen\/","url":"https:\/\/www.westerwaldvertalingen.nl\/de\/dienstleistungen\/","name":"Dienstleistungen - Voor natuurlijke vertalingen Duits-Nederlands - Westerwald Vertalingen","isPartOf":{"@id":"https:\/\/www.westerwaldvertalingen.nl\/de\/#website"},"datePublished":"2020-05-26T14:18:19+00:00","dateModified":"2024-06-21T10:12:27+00:00","description":"Auf dieser Seite finden Sie mein Dienstleistungsangebot. Ich denke gerne mit Ihnen mit und gemeinsam suchen wir nach L\u00f6sungen.","breadcrumb":{"@id":"https:\/\/www.westerwaldvertalingen.nl\/de\/dienstleistungen\/#breadcrumb"},"inLanguage":"de","potentialAction":[{"@type":"ReadAction","target":["https:\/\/www.westerwaldvertalingen.nl\/de\/dienstleistungen\/"]}]},{"@type":"BreadcrumbList","@id":"https:\/\/www.westerwaldvertalingen.nl\/de\/dienstleistungen\/#breadcrumb","itemListElement":[{"@type":"ListItem","position":1,"name":"Home","item":"https:\/\/www.westerwaldvertalingen.nl\/de\/"},{"@type":"ListItem","position":2,"name":"Dienstleistungen"}]},{"@type":"WebSite","@id":"https:\/\/www.westerwaldvertalingen.nl\/de\/#website","url":"https:\/\/www.westerwaldvertalingen.nl\/de\/","name":"Voor natuurlijke vertalingen Duits-Nederlands - Westerwald Vertalingen","description":"","potentialAction":[{"@type":"SearchAction","target":{"@type":"EntryPoint","urlTemplate":"https:\/\/www.westerwaldvertalingen.nl\/de\/?s={search_term_string}"},"query-input":{"@type":"PropertyValueSpecification","valueRequired":true,"valueName":"search_term_string"}}],"inLanguage":"de"}]}},"_links":{"self":[{"href":"https:\/\/www.westerwaldvertalingen.nl\/de\/wp-json\/wp\/v2\/pages\/3955","targetHints":{"allow":["GET"]}}],"collection":[{"href":"https:\/\/www.westerwaldvertalingen.nl\/de\/wp-json\/wp\/v2\/pages"}],"about":[{"href":"https:\/\/www.westerwaldvertalingen.nl\/de\/wp-json\/wp\/v2\/types\/page"}],"author":[{"embeddable":true,"href":"https:\/\/www.westerwaldvertalingen.nl\/de\/wp-json\/wp\/v2\/users\/2"}],"replies":[{"embeddable":true,"href":"https:\/\/www.westerwaldvertalingen.nl\/de\/wp-json\/wp\/v2\/comments?post=3955"}],"version-history":[{"count":3,"href":"https:\/\/www.westerwaldvertalingen.nl\/de\/wp-json\/wp\/v2\/pages\/3955\/revisions"}],"predecessor-version":[{"id":4114,"href":"https:\/\/www.westerwaldvertalingen.nl\/de\/wp-json\/wp\/v2\/pages\/3955\/revisions\/4114"}],"wp:attachment":[{"href":"https:\/\/www.westerwaldvertalingen.nl\/de\/wp-json\/wp\/v2\/media?parent=3955"}],"curies":[{"name":"wp","href":"https:\/\/api.w.org\/{rel}","templated":true}]}}